{"id":7132,"date":"2026-05-01T10:19:57","date_gmt":"2026-05-01T10:19:57","guid":{"rendered":"https:\/\/atv-tires.si\/?post_type=product&#038;p=7132"},"modified":"2026-05-01T10:19:57","modified_gmt":"2026-05-01T10:19:57","slug":"obor-advent-21x7-10","status":"publish","type":"product","link":"https:\/\/atv-tires.si\/hr\/izdelek\/obor-advent-21x7-10\/","title":{"rendered":"OBOR ADVENT 21X7-10"},"content":{"rendered":"<p data-start=\"73\" data-end=\"267\"><strong data-start=\"73\" data-end=\"88\">Obor Advent<\/strong> je vsestranska (all-terrain) pnevmatika, namenjena predvsem za \u0161portne \u0161tirikolesnike . Razvita je za vo\u017enjo po razli\u010dnih podlagah \u2013 od trdih makadamskih poti do mehkej\u0161ega terena. Primerna za XC\/CCtekme.<\/p>\n<p data-start=\"73\" data-end=\"267\">Obor Advent pnevmatika je tudi \"top izbira\" v Ameri\u0161kem prvenstvu GNCC.<\/p>\n","protected":false},"excerpt":{"rendered":"<p>Obor Advent je vsestranska (all-terrain) pnevmatika, namenjena predvsem za \u0161portne \u0161tirikolesnike . Razvita je za vo\u017enjo po razli\u010dnih podlagah \u2013 od trdih makadamskih poti do mehkej\u0161ega terena. Primerna za XC\/CCtekme. Obor Advent pnevmatika je tudi \"top izbira\" v Ameri\u0161kem prvenstvu GNCC.<\/p>\n","protected":false},"featured_media":7133,"comment_status":"open","ping_status":"closed","template":"","meta":[],"product_brand":[294],"product_cat":[302,36],"product_tag":[],"class_list":{"0":"post-7132","1":"product","2":"type-product","3":"status-publish","4":"has-post-thumbnail","6":"product_brand-obor","7":"product_cat-atv-utv-gume","8":"product_cat-gume","10":"first","11":"instock","12":"taxable","13":"shipping-taxable","14":"purchasable","15":"product-type-simple"},"_links":{"self":[{"href":"https:\/\/atv-tires.si\/hr\/wp-json\/wp\/v2\/product\/7132","targetHints":{"allow":["GET"]}}],"collection":[{"href":"https:\/\/atv-tires.si\/hr\/wp-json\/wp\/v2\/product"}],"about":[{"href":"https:\/\/atv-tires.si\/hr\/wp-json\/wp\/v2\/types\/product"}],"replies":[{"embeddable":true,"href":"https:\/\/atv-tires.si\/hr\/wp-json\/wp\/v2\/comments?post=7132"}],"wp:featuredmedia":[{"embeddable":true,"href":"https:\/\/atv-tires.si\/hr\/wp-json\/wp\/v2\/media\/7133"}],"wp:attachment":[{"href":"https:\/\/atv-tires.si\/hr\/wp-json\/wp\/v2\/media?parent=7132"}],"wp:term":[{"taxonomy":"product_brand","embeddable":true,"href":"https:\/\/atv-tires.si\/hr\/wp-json\/wp\/v2\/product_brand?post=7132"},{"taxonomy":"product_cat","embeddable":true,"href":"https:\/\/atv-tires.si\/hr\/wp-json\/wp\/v2\/product_cat?post=7132"},{"taxonomy":"product_tag","embeddable":true,"href":"https:\/\/atv-tires.si\/hr\/wp-json\/wp\/v2\/product_tag?post=7132"}],"curies":[{"name":"wp","href":"https:\/\/api.w.org\/{rel}","templated":true}]}}