{"id":7086,"date":"2026-04-02T13:52:09","date_gmt":"2026-04-02T13:52:09","guid":{"rendered":"https:\/\/atv-tires.si\/?post_type=product&#038;p=7086"},"modified":"2026-04-02T13:58:02","modified_gmt":"2026-04-02T13:58:02","slug":"cst-mx-bite-cm733-80-100-21","status":"publish","type":"product","link":"https:\/\/atv-tires.si\/hr\/izdelek\/cst-mx-bite-cm733-80-100-21\/","title":{"rendered":"CST MX BITE CM733 80\/100-21"},"content":{"rendered":"<p data-start=\"0\" data-end=\"68\"><strong data-start=\"0\" data-end=\"68\">Najbolj\u0161a motocross pnevmatika za: mehko \u2013 srednje trdo podlago<\/strong><\/p>\n<p data-start=\"70\" data-end=\"236\">Pnevmatika <strong data-start=\"81\" data-end=\"91\">BiteMX<\/strong> je zasnovana tako, da voznikom motokrosa pomaga dosegati vrhunske rezultate na mehkem do srednje trdem terenu \u2013 tako pri treningu kot na dirkah.<\/p>\n<h3 data-section-id=\"1o9obd\" data-start=\"238\" data-end=\"254\">\ud83d\udd27 Lastnosti<\/h3>\n<ul data-start=\"255\" data-end=\"433\">\n<li data-section-id=\"xrd0b2\" data-start=\"255\" data-end=\"290\">Odli\u010den oprijem pri speljevanju<\/li>\n<li data-section-id=\"1ixmok6\" data-start=\"291\" data-end=\"320\">Izjemen oprijem v ovinkih<\/li>\n<li data-section-id=\"1m4fjka\" data-start=\"321\" data-end=\"365\">Stabilno zavijanje pri visokih hitrostih<\/li>\n<li data-section-id=\"1tao2m9\" data-start=\"366\" data-end=\"389\">Odzivno upravljanje<\/li>\n<li data-section-id=\"cgcmlc\" data-start=\"390\" data-end=\"433\">Dolga \u017eivljenjska doba v pravih pogojih<\/li>\n<\/ul>\n<p data-start=\"435\" data-end=\"639\">\u010ce i\u0161\u010de\u0161 cenovno dostopno pnevmatiko za mehko in srednje trdo podlago, je kombinacija <strong data-start=\"521\" data-end=\"543\">BiteMX CM733\/CM734<\/strong>odli\u010dna izbira.<\/p>\n","protected":false},"excerpt":{"rendered":"<p>Najbolj\u0161a motocross pnevmatika za: mehko \u2013 srednje trdo podlago Pnevmatika BiteMX je zasnovana tako, da voznikom motokrosa pomaga dosegati vrhunske rezultate na mehkem do srednje trdem terenu \u2013 tako pri treningu kot na dirkah. \ud83d\udd27 Lastnosti Odli\u010den oprijem pri speljevanju Izjemen oprijem v ovinkih Stabilno zavijanje pri visokih hitrostih Odzivno upravljanje Dolga \u017eivljenjska doba v [&hellip;]<\/p>\n","protected":false},"featured_media":7087,"comment_status":"open","ping_status":"closed","template":"","meta":[],"product_brand":[301],"product_cat":[762,36],"product_tag":[764,765,95,763],"class_list":{"0":"post-7086","1":"product","2":"type-product","3":"status-publish","4":"has-post-thumbnail","6":"product_brand-cst","7":"product_cat-mx-gume","8":"product_cat-gume","9":"product_tag-cm733","10":"product_tag-cm744","11":"product_tag-cst","12":"product_tag-mxbite","14":"first","15":"instock","16":"taxable","17":"shipping-taxable","18":"purchasable","19":"product-type-simple"},"_links":{"self":[{"href":"https:\/\/atv-tires.si\/hr\/wp-json\/wp\/v2\/product\/7086","targetHints":{"allow":["GET"]}}],"collection":[{"href":"https:\/\/atv-tires.si\/hr\/wp-json\/wp\/v2\/product"}],"about":[{"href":"https:\/\/atv-tires.si\/hr\/wp-json\/wp\/v2\/types\/product"}],"replies":[{"embeddable":true,"href":"https:\/\/atv-tires.si\/hr\/wp-json\/wp\/v2\/comments?post=7086"}],"wp:featuredmedia":[{"embeddable":true,"href":"https:\/\/atv-tires.si\/hr\/wp-json\/wp\/v2\/media\/7087"}],"wp:attachment":[{"href":"https:\/\/atv-tires.si\/hr\/wp-json\/wp\/v2\/media?parent=7086"}],"wp:term":[{"taxonomy":"product_brand","embeddable":true,"href":"https:\/\/atv-tires.si\/hr\/wp-json\/wp\/v2\/product_brand?post=7086"},{"taxonomy":"product_cat","embeddable":true,"href":"https:\/\/atv-tires.si\/hr\/wp-json\/wp\/v2\/product_cat?post=7086"},{"taxonomy":"product_tag","embeddable":true,"href":"https:\/\/atv-tires.si\/hr\/wp-json\/wp\/v2\/product_tag?post=7086"}],"curies":[{"name":"wp","href":"https:\/\/api.w.org\/{rel}","templated":true}]}}