{"id":6832,"date":"2025-11-13T16:34:31","date_gmt":"2025-11-13T16:34:31","guid":{"rendered":"https:\/\/atv-tires.si\/?post_type=product&#038;p=6832"},"modified":"2025-11-13T16:40:48","modified_gmt":"2025-11-13T16:40:48","slug":"wanda-longhorn-p3103","status":"publish","type":"product","link":"https:\/\/atv-tires.si\/hr\/izdelek\/wanda-longhorn-p3103\/","title":{"rendered":"WANDA LONGHORN P3103"},"content":{"rendered":"<p>WANDA LONGHORN P3103 je pnevmatika za ATV \/ quad vozila, zasnovana za terensko oziroma vsestransko rabo (all-terrain). Primarna uporaba je na neravnih povr\u0161inah, kot so gozdne poti, blato in teren, vendar je na dolo\u010denih izvedbah tudi homologirana za cesto (E-mark ozna\u010dba) kot tubeless izvedba.<\/p>\n","protected":false},"excerpt":{"rendered":"<p>WANDA LONGHORN P3103 je pnevmatika za ATV \/ quad vozila, zasnovana za terensko oziroma vsestransko rabo (all-terrain). Primarna uporaba je na neravnih povr\u0161inah, kot so gozdne poti, blato in teren, vendar je na dolo\u010denih izvedbah tudi homologirana za cesto (E-mark ozna\u010dba) kot tubeless izvedba.<\/p>\n","protected":false},"featured_media":6836,"comment_status":"open","ping_status":"closed","template":"","meta":[],"product_brand":[],"product_cat":[302,36],"product_tag":[745,746,688],"class_list":{"0":"post-6832","1":"product","2":"type-product","3":"status-publish","4":"has-post-thumbnail","6":"product_cat-atv-utv-gume","7":"product_cat-gume","8":"product_tag-longhorn","9":"product_tag-p3103","10":"product_tag-wanda","12":"first","13":"instock","14":"taxable","15":"shipping-taxable","16":"purchasable","17":"product-type-variable"},"_links":{"self":[{"href":"https:\/\/atv-tires.si\/hr\/wp-json\/wp\/v2\/product\/6832","targetHints":{"allow":["GET"]}}],"collection":[{"href":"https:\/\/atv-tires.si\/hr\/wp-json\/wp\/v2\/product"}],"about":[{"href":"https:\/\/atv-tires.si\/hr\/wp-json\/wp\/v2\/types\/product"}],"replies":[{"embeddable":true,"href":"https:\/\/atv-tires.si\/hr\/wp-json\/wp\/v2\/comments?post=6832"}],"wp:featuredmedia":[{"embeddable":true,"href":"https:\/\/atv-tires.si\/hr\/wp-json\/wp\/v2\/media\/6836"}],"wp:attachment":[{"href":"https:\/\/atv-tires.si\/hr\/wp-json\/wp\/v2\/media?parent=6832"}],"wp:term":[{"taxonomy":"product_brand","embeddable":true,"href":"https:\/\/atv-tires.si\/hr\/wp-json\/wp\/v2\/product_brand?post=6832"},{"taxonomy":"product_cat","embeddable":true,"href":"https:\/\/atv-tires.si\/hr\/wp-json\/wp\/v2\/product_cat?post=6832"},{"taxonomy":"product_tag","embeddable":true,"href":"https:\/\/atv-tires.si\/hr\/wp-json\/wp\/v2\/product_tag?post=6832"}],"curies":[{"name":"wp","href":"https:\/\/api.w.org\/{rel}","templated":true}]}}