{"id":6818,"date":"2025-11-13T16:20:23","date_gmt":"2025-11-13T16:20:23","guid":{"rendered":"https:\/\/atv-tires.si\/?post_type=product&#038;p=6818"},"modified":"2026-01-21T17:54:50","modified_gmt":"2026-01-21T17:54:50","slug":"wanda-p341","status":"publish","type":"product","link":"https:\/\/atv-tires.si\/hr\/izdelek\/wanda-p341\/","title":{"rendered":"WANDA P341"},"content":{"rendered":"<p>Pnevmatika WANDA P341 je namenjena vozilom ATV\/UTV in je zasnovana za terensko uporabo \u2013 z agresivnim \u201eV\u201c vzorcem tekalne plasti, \u0161irokimi re\u017ei med bloki in okrepljenimi bo\u010dnicami.<\/p>\n<p>&nbsp;<\/p>\n<h3 data-start=\"1518\" data-end=\"1533\">Prednosti<\/h3>\n<ul data-start=\"1534\" data-end=\"1779\">\n<li data-start=\"1534\" data-end=\"1607\">\n<p data-start=\"1536\" data-end=\"1607\">Dobro oprijemanje v zahtevnih terenskih pogojih (blato, gozdne poti).<\/p>\n<\/li>\n<li data-start=\"1608\" data-end=\"1696\">\n<p data-start=\"1610\" data-end=\"1696\">Odporna konstrukcija \u2013 primerno za ATV\/UTV, kjer se pri\u010dakuje obremenitev in izzivi.<\/p>\n<\/li>\n<li data-start=\"1697\" data-end=\"1779\">\n<p data-start=\"1699\" data-end=\"1779\">Razli\u010dne dimenzije omogo\u010dajo prilagoditev glede na model vozila in namen vo\u017enje.<\/p>\n<\/li>\n<\/ul>\n","protected":false},"excerpt":{"rendered":"<p>Pnevmatika WANDA P341 je namenjena vozilom ATV\/UTV in je zasnovana za terensko uporabo \u2013 z agresivnim \u201eV\u201c vzorcem tekalne plasti, \u0161irokimi re\u017ei med bloki in okrepljenimi bo\u010dnicami. &nbsp; Prednosti Dobro oprijemanje v zahtevnih terenskih pogojih (blato, gozdne poti). Odporna konstrukcija \u2013 primerno za ATV\/UTV, kjer se pri\u010dakuje obremenitev in izzivi. Razli\u010dne dimenzije omogo\u010dajo prilagoditev glede [&hellip;]<\/p>\n","protected":false},"featured_media":6822,"comment_status":"open","ping_status":"closed","template":"","meta":[],"product_brand":[295],"product_cat":[302,36],"product_tag":[742,744,688],"class_list":{"0":"post-6818","1":"product","2":"type-product","3":"status-publish","4":"has-post-thumbnail","6":"product_brand-wanda","7":"product_cat-atv-utv-gume","8":"product_cat-gume","9":"product_tag-e4-homologacija","10":"product_tag-p341","11":"product_tag-wanda","13":"first","14":"instock","15":"taxable","16":"shipping-taxable","17":"purchasable","18":"product-type-variable"},"_links":{"self":[{"href":"https:\/\/atv-tires.si\/hr\/wp-json\/wp\/v2\/product\/6818","targetHints":{"allow":["GET"]}}],"collection":[{"href":"https:\/\/atv-tires.si\/hr\/wp-json\/wp\/v2\/product"}],"about":[{"href":"https:\/\/atv-tires.si\/hr\/wp-json\/wp\/v2\/types\/product"}],"replies":[{"embeddable":true,"href":"https:\/\/atv-tires.si\/hr\/wp-json\/wp\/v2\/comments?post=6818"}],"wp:featuredmedia":[{"embeddable":true,"href":"https:\/\/atv-tires.si\/hr\/wp-json\/wp\/v2\/media\/6822"}],"wp:attachment":[{"href":"https:\/\/atv-tires.si\/hr\/wp-json\/wp\/v2\/media?parent=6818"}],"wp:term":[{"taxonomy":"product_brand","embeddable":true,"href":"https:\/\/atv-tires.si\/hr\/wp-json\/wp\/v2\/product_brand?post=6818"},{"taxonomy":"product_cat","embeddable":true,"href":"https:\/\/atv-tires.si\/hr\/wp-json\/wp\/v2\/product_cat?post=6818"},{"taxonomy":"product_tag","embeddable":true,"href":"https:\/\/atv-tires.si\/hr\/wp-json\/wp\/v2\/product_tag?post=6818"}],"curies":[{"name":"wp","href":"https:\/\/api.w.org\/{rel}","templated":true}]}}