{"id":6572,"date":"2025-09-17T10:21:02","date_gmt":"2025-09-17T10:21:02","guid":{"rendered":"https:\/\/atv-tires.si\/izdelek\/wanda-p390\/"},"modified":"2025-09-18T11:47:36","modified_gmt":"2025-09-18T11:47:36","slug":"wanda-p390","status":"publish","type":"product","link":"https:\/\/atv-tires.si\/hr\/izdelek\/wanda-p390\/","title":{"rendered":"WANDA P390"},"content":{"rendered":"<p data-start=\"2161\" data-end=\"2437\"><strong data-start=\"2161\" data-end=\"2175\">WANDA P390<\/strong> je pouzdana i izdr\u017eljiva guma za ATV\/UTV vozila prikladna za \u0161irok raspon korisnika. Nudi dobro prianjanje, samouvjerenu vo\u017enju u raznim uvjetima i pristupa\u010dna je cijena. S izvrsnim samo\u010di\u0161\u0107enjem i oja\u010danjima ramena, izvrstan je izbor za sve vrste terena.  <\/p>\n<h2 data-start=\"384\" data-end=\"407\">\ud83d\udd27 Klju\u010dne zna\u010dajke<\/h2>\n<ul data-start=\"409\" data-end=\"844\">\n<li data-start=\"409\" data-end=\"547\">\n<p data-start=\"411\" data-end=\"547\"><strong data-start=\"411\" data-end=\"438\">Neusmjereni profil (gazni sloj)<\/strong> : omogu\u0107uje monta\u017eu s obje strane i osigurava izvrsno samo\u010di\u0161\u0107enje u blatu, pijesku, kamenju i tvrdom tlu.<\/p>\n<\/li>\n<li data-start=\"548\" data-end=\"640\">\n<p data-start=\"550\" data-end=\"640\"><strong data-start=\"550\" data-end=\"569\">6 PR (6 slojeva)<\/strong> : oja\u010dana konstrukcija za ve\u0107u izdr\u017eljivost i otpornost na probijanje.<\/p>\n<\/li>\n<li data-start=\"641\" data-end=\"761\">\n<p data-start=\"643\" data-end=\"761\"><strong data-start=\"643\" data-end=\"664\">Pobolj\u0161ano prianjanje<\/strong> : rubovi ramena s izra\u017eenim \"izbo\u010dinama\" za bolje prianjanje u zavojima i za\u0161titu bo\u010dnih stijenki gume.<\/p>\n<\/li>\n<li data-start=\"762\" data-end=\"844\">\n<p data-start=\"764\" data-end=\"844\"><strong data-start=\"764\" data-end=\"786\">Lagana konstrukcija<\/strong> : pobolj\u0161ava upravljivost, ubrzanje i agilnost u terenskim uvjetima.<\/p>\n<\/li>\n<\/ul>\n","protected":false},"excerpt":{"rendered":"<p>WANDA P390 je pouzdana i izdr\u017eljiva guma za ATV\/UTV vozila prikladna za \u0161irok raspon korisnika. Nudi dobro prianjanje, samouvjerenu vo\u017enju u raznim uvjetima i pristupa\u010dna je cijena. S izvrsnim samo\u010di\u0161\u0107enjem i oja\u010danjima ramena, izvrstan je izbor za sve vrste terena. \ud83d\udd27 Klju\u010dne zna\u010dajke Neusmjereni profil (gazni sloj) : omogu\u0107uje monta\u017eu s obje strane i osigurava [&hellip;]<\/p>\n","protected":false},"featured_media":6695,"comment_status":"open","ping_status":"closed","template":"","meta":[],"product_brand":[295],"product_cat":[339,340],"product_tag":[727,599,341,695,344,694],"class_list":{"0":"post-6572","1":"product","2":"type-product","3":"status-publish","4":"has-post-thumbnail","6":"product_brand-wanda","7":"product_cat-gume-hr","8":"product_cat-gume-za-atv-utv-vozila","9":"product_tag-atv-utv-hr","10":"product_tag-bestseler","11":"product_tag-gume-za-atv-vozila","12":"product_tag-p390-hr","13":"product_tag-terenske-gume-hr","14":"product_tag-wanda-hr","16":"first","17":"instock","18":"featured","19":"taxable","20":"shipping-taxable","21":"purchasable","22":"product-type-variable"},"_links":{"self":[{"href":"https:\/\/atv-tires.si\/hr\/wp-json\/wp\/v2\/product\/6572","targetHints":{"allow":["GET"]}}],"collection":[{"href":"https:\/\/atv-tires.si\/hr\/wp-json\/wp\/v2\/product"}],"about":[{"href":"https:\/\/atv-tires.si\/hr\/wp-json\/wp\/v2\/types\/product"}],"replies":[{"embeddable":true,"href":"https:\/\/atv-tires.si\/hr\/wp-json\/wp\/v2\/comments?post=6572"}],"wp:featuredmedia":[{"embeddable":true,"href":"https:\/\/atv-tires.si\/hr\/wp-json\/wp\/v2\/media\/6695"}],"wp:attachment":[{"href":"https:\/\/atv-tires.si\/hr\/wp-json\/wp\/v2\/media?parent=6572"}],"wp:term":[{"taxonomy":"product_brand","embeddable":true,"href":"https:\/\/atv-tires.si\/hr\/wp-json\/wp\/v2\/product_brand?post=6572"},{"taxonomy":"product_cat","embeddable":true,"href":"https:\/\/atv-tires.si\/hr\/wp-json\/wp\/v2\/product_cat?post=6572"},{"taxonomy":"product_tag","embeddable":true,"href":"https:\/\/atv-tires.si\/hr\/wp-json\/wp\/v2\/product_tag?post=6572"}],"curies":[{"name":"wp","href":"https:\/\/api.w.org\/{rel}","templated":true}]}}