{"id":5764,"date":"2024-07-07T19:50:28","date_gmt":"2024-07-07T19:50:28","guid":{"rendered":"https:\/\/atv-tires.si\/izdelek\/maxxis-bighorn-m917-m918\/"},"modified":"2025-09-17T09:41:38","modified_gmt":"2025-09-17T09:41:38","slug":"maxxis-bighorn-m917-m918","status":"publish","type":"product","link":"https:\/\/atv-tires.si\/hr\/izdelek\/maxxis-bighorn-m917-m918\/","title":{"rendered":"MAXXIS BIGHORN M917\/M918"},"content":{"rendered":"<p>Maxxis BigHorn \u2013 legendarna ATV\/UTV guma. Radijalna konstrukcija (oja\u010dana na bo\u010dnoj stijenci) nudi \"glatku\" vo\u017enju u ekstremnom terenu. Preporu\u010duje se za pjeskoviti, \u0161umoviti i kameniti teren.  <\/p>\n","protected":false},"excerpt":{"rendered":"<p>Maxxis BigHorn \u2013 legendarna ATV\/UTV guma. Radijalna konstrukcija (oja\u010dana na bo\u010dnoj stijenci) nudi \"glatku\" vo\u017enju u ekstremnom terenu. Preporu\u010duje se za pjeskoviti, \u0161umoviti i kameniti teren.<\/p>\n","protected":false},"featured_media":3227,"comment_status":"open","ping_status":"closed","template":"","meta":[],"product_brand":[299],"product_cat":[339,340],"product_tag":[341,366,566,567,479,565],"class_list":{"0":"post-5764","1":"product","2":"type-product","3":"status-publish","4":"has-post-thumbnail","6":"product_brand-maxxis","7":"product_cat-gume-hr","8":"product_cat-gume-za-atv-utv-vozila","9":"product_tag-gume-za-atv-vozila","10":"product_tag-gume-za-utv-vozila","11":"product_tag-m917-hr","12":"product_tag-m918-hr","13":"product_tag-maxxis-hr","14":"product_tag-veliki-rog","16":"first","17":"instock","18":"taxable","19":"shipping-taxable","20":"purchasable","21":"product-type-variable"},"_links":{"self":[{"href":"https:\/\/atv-tires.si\/hr\/wp-json\/wp\/v2\/product\/5764","targetHints":{"allow":["GET"]}}],"collection":[{"href":"https:\/\/atv-tires.si\/hr\/wp-json\/wp\/v2\/product"}],"about":[{"href":"https:\/\/atv-tires.si\/hr\/wp-json\/wp\/v2\/types\/product"}],"replies":[{"embeddable":true,"href":"https:\/\/atv-tires.si\/hr\/wp-json\/wp\/v2\/comments?post=5764"}],"wp:featuredmedia":[{"embeddable":true,"href":"https:\/\/atv-tires.si\/hr\/wp-json\/wp\/v2\/media\/3227"}],"wp:attachment":[{"href":"https:\/\/atv-tires.si\/hr\/wp-json\/wp\/v2\/media?parent=5764"}],"wp:term":[{"taxonomy":"product_brand","embeddable":true,"href":"https:\/\/atv-tires.si\/hr\/wp-json\/wp\/v2\/product_brand?post=5764"},{"taxonomy":"product_cat","embeddable":true,"href":"https:\/\/atv-tires.si\/hr\/wp-json\/wp\/v2\/product_cat?post=5764"},{"taxonomy":"product_tag","embeddable":true,"href":"https:\/\/atv-tires.si\/hr\/wp-json\/wp\/v2\/product_tag?post=5764"}],"curies":[{"name":"wp","href":"https:\/\/api.w.org\/{rel}","templated":true}]}}