{"id":5711,"date":"2024-07-05T10:03:53","date_gmt":"2024-07-05T10:03:53","guid":{"rendered":"https:\/\/atv-tires.si\/izdelek\/cst-abuzz\/"},"modified":"2025-09-22T11:16:05","modified_gmt":"2025-09-22T11:16:05","slug":"cst-abuzz","status":"publish","type":"product","link":"https:\/\/atv-tires.si\/hr\/izdelek\/cst-abuzz\/","title":{"rendered":"CST ABUZZ"},"content":{"rendered":"<p style=\"font-weight: 400;\">CST ABUZZ \u2013 Jedna od najpopularnijih guma u svijetu ATV\/UTV vozila. Guma je napravljena za sve, od mekog ili tvrdog terena do pjeskovitog\/blatnjavog terena. Lagana konstrukcija sa 6 slojeva nudi voza\u010dima jednostavno upravljanje, brzo ko\u010denje i br\u017ee ubrzanje. Gumu smo sami testirali \u2013 pogledajte slike.   <\/p>\n<p style=\"font-weight: 400;\">Dostupni su koli\u010dinski popusti \u2013 kontaktirajte nas.<\/p>\n","protected":false},"excerpt":{"rendered":"<p>CST ABUZZ \u2013 Jedna od najpopularnijih guma u svijetu ATV\/UTV vozila. Guma je napravljena za sve, od mekog ili tvrdog terena do pjeskovitog\/blatnjavog terena. Lagana konstrukcija sa 6 slojeva nudi voza\u010dima jednostavno upravljanje, brzo ko\u010denje i br\u017ee ubrzanje. Gumu smo sami testirali \u2013 pogledajte slike. Dostupni su koli\u010dinski popusti \u2013 kontaktirajte nas.<\/p>\n","protected":false},"featured_media":3185,"comment_status":"open","ping_status":"closed","template":"","meta":[],"product_brand":[301],"product_cat":[339,340],"product_tag":[518,499,519,341,516,517,515,514],"class_list":{"0":"post-5711","1":"product","2":"type-product","3":"status-publish","4":"has-post-thumbnail","6":"product_brand-cst","7":"product_cat-gume-hr","8":"product_cat-gume-za-atv-utv-vozila","9":"product_tag-blato","10":"product_tag-centralno-standardno-vrijeme","11":"product_tag-dine","12":"product_tag-gume-za-atv-vozila","13":"product_tag-meko-pakiranje","14":"product_tag-snijeg","15":"product_tag-tvrdo-pakiranje","16":"product_tag-zujanje","18":"first","19":"instock","20":"sale","21":"featured","22":"taxable","23":"shipping-taxable","24":"purchasable","25":"product-type-variable"},"_links":{"self":[{"href":"https:\/\/atv-tires.si\/hr\/wp-json\/wp\/v2\/product\/5711","targetHints":{"allow":["GET"]}}],"collection":[{"href":"https:\/\/atv-tires.si\/hr\/wp-json\/wp\/v2\/product"}],"about":[{"href":"https:\/\/atv-tires.si\/hr\/wp-json\/wp\/v2\/types\/product"}],"replies":[{"embeddable":true,"href":"https:\/\/atv-tires.si\/hr\/wp-json\/wp\/v2\/comments?post=5711"}],"wp:featuredmedia":[{"embeddable":true,"href":"https:\/\/atv-tires.si\/hr\/wp-json\/wp\/v2\/media\/3185"}],"wp:attachment":[{"href":"https:\/\/atv-tires.si\/hr\/wp-json\/wp\/v2\/media?parent=5711"}],"wp:term":[{"taxonomy":"product_brand","embeddable":true,"href":"https:\/\/atv-tires.si\/hr\/wp-json\/wp\/v2\/product_brand?post=5711"},{"taxonomy":"product_cat","embeddable":true,"href":"https:\/\/atv-tires.si\/hr\/wp-json\/wp\/v2\/product_cat?post=5711"},{"taxonomy":"product_tag","embeddable":true,"href":"https:\/\/atv-tires.si\/hr\/wp-json\/wp\/v2\/product_tag?post=5711"}],"curies":[{"name":"wp","href":"https:\/\/api.w.org\/{rel}","templated":true}]}}