{"id":5697,"date":"2024-07-05T10:26:40","date_gmt":"2024-07-05T10:26:40","guid":{"rendered":"https:\/\/atv-tires.si\/izdelek\/cst-ancla\/"},"modified":"2024-07-05T10:26:40","modified_gmt":"2024-07-05T10:26:40","slug":"cst-ancla","status":"publish","type":"product","link":"https:\/\/atv-tires.si\/hr\/izdelek\/cst-ancla\/","title":{"rendered":"CST ANCLA"},"content":{"rendered":"<p>CST Ancla je agresivna guma s 4 ili 6 slojeva koja pru\u017ea vrhunsko prianjanje na svim vrstama terena. Posebno je odli\u010dna u blatnjavim uvjetima jer odbija blato i osigurava prianjanje. Tako\u0111er mo\u017ee pru\u017eiti udobnu vo\u017enju \u010dak i po tvrdim uvjetima (\u0161ljunak, asfalt).  <\/p>\n","protected":false},"excerpt":{"rendered":"<p>CST Ancla je agresivna guma s 4 ili 6 slojeva koja pru\u017ea vrhunsko prianjanje na svim vrstama terena. Posebno je odli\u010dna u blatnjavim uvjetima jer odbija blato i osigurava prianjanje. Tako\u0111er mo\u017ee pru\u017eiti udobnu vo\u017enju \u010dak i po tvrdim uvjetima (\u0161ljunak, asfalt).<\/p>\n","protected":false},"featured_media":0,"comment_status":"open","ping_status":"closed","template":"","meta":[],"product_brand":[301],"product_cat":[339,340],"product_tag":[504,499,341,344],"class_list":{"0":"post-5697","1":"product","2":"type-product","3":"status-publish","5":"product_brand-cst","6":"product_cat-gume-hr","7":"product_cat-gume-za-atv-utv-vozila","8":"product_tag-ancl","9":"product_tag-centralno-standardno-vrijeme","10":"product_tag-gume-za-atv-vozila","11":"product_tag-terenske-gume-hr","13":"first","14":"instock","15":"taxable","16":"shipping-taxable","17":"purchasable","18":"product-type-variable"},"_links":{"self":[{"href":"https:\/\/atv-tires.si\/hr\/wp-json\/wp\/v2\/product\/5697","targetHints":{"allow":["GET"]}}],"collection":[{"href":"https:\/\/atv-tires.si\/hr\/wp-json\/wp\/v2\/product"}],"about":[{"href":"https:\/\/atv-tires.si\/hr\/wp-json\/wp\/v2\/types\/product"}],"replies":[{"embeddable":true,"href":"https:\/\/atv-tires.si\/hr\/wp-json\/wp\/v2\/comments?post=5697"}],"wp:attachment":[{"href":"https:\/\/atv-tires.si\/hr\/wp-json\/wp\/v2\/media?parent=5697"}],"wp:term":[{"taxonomy":"product_brand","embeddable":true,"href":"https:\/\/atv-tires.si\/hr\/wp-json\/wp\/v2\/product_brand?post=5697"},{"taxonomy":"product_cat","embeddable":true,"href":"https:\/\/atv-tires.si\/hr\/wp-json\/wp\/v2\/product_cat?post=5697"},{"taxonomy":"product_tag","embeddable":true,"href":"https:\/\/atv-tires.si\/hr\/wp-json\/wp\/v2\/product_tag?post=5697"}],"curies":[{"name":"wp","href":"https:\/\/api.w.org\/{rel}","templated":true}]}}