{"id":5691,"date":"2024-07-05T10:13:07","date_gmt":"2024-07-05T10:13:07","guid":{"rendered":"https:\/\/atv-tires.si\/izdelek\/cst-dingo\/"},"modified":"2025-07-15T11:51:59","modified_gmt":"2025-07-15T11:51:59","slug":"cst-dingo","status":"publish","type":"product","link":"https:\/\/atv-tires.si\/hr\/izdelek\/cst-dingo\/","title":{"rendered":"CST DINGO"},"content":{"rendered":"<p style=\"font-weight: 400;\">CST DINGO \u2013 UTV SXS guma za sve terene. 8-slojna radijalna konstrukcija pru\u017ea izdr\u017eljivost, udobnost vo\u017enje i samopouzdanje pri velikim brzinama. <\/p>\n","protected":false},"excerpt":{"rendered":"<p>CST DINGO \u2013 UTV SXS guma za sve terene. 8-slojna radijalna konstrukcija pru\u017ea izdr\u017eljivost, udobnost vo\u017enje i samopouzdanje pri velikim brzinama.<\/p>\n","protected":false},"featured_media":3206,"comment_status":"open","ping_status":"closed","template":"","meta":[],"product_brand":[301],"product_cat":[339,340],"product_tag":[599,499,500,366,503,502,501],"class_list":{"0":"post-5691","1":"product","2":"type-product","3":"status-publish","4":"has-post-thumbnail","6":"product_brand-cst","7":"product_cat-gume-hr","8":"product_cat-gume-za-atv-utv-vozila","9":"product_tag-bestseler","10":"product_tag-centralno-standardno-vrijeme","11":"product_tag-dingo-hr","12":"product_tag-gume-za-utv-vozila","13":"product_tag-rally-hr","14":"product_tag-sxs-hr","15":"product_tag-utv-hr","17":"first","18":"instock","19":"taxable","20":"shipping-taxable","21":"purchasable","22":"product-type-variable"},"_links":{"self":[{"href":"https:\/\/atv-tires.si\/hr\/wp-json\/wp\/v2\/product\/5691","targetHints":{"allow":["GET"]}}],"collection":[{"href":"https:\/\/atv-tires.si\/hr\/wp-json\/wp\/v2\/product"}],"about":[{"href":"https:\/\/atv-tires.si\/hr\/wp-json\/wp\/v2\/types\/product"}],"replies":[{"embeddable":true,"href":"https:\/\/atv-tires.si\/hr\/wp-json\/wp\/v2\/comments?post=5691"}],"wp:featuredmedia":[{"embeddable":true,"href":"https:\/\/atv-tires.si\/hr\/wp-json\/wp\/v2\/media\/3206"}],"wp:attachment":[{"href":"https:\/\/atv-tires.si\/hr\/wp-json\/wp\/v2\/media?parent=5691"}],"wp:term":[{"taxonomy":"product_brand","embeddable":true,"href":"https:\/\/atv-tires.si\/hr\/wp-json\/wp\/v2\/product_brand?post=5691"},{"taxonomy":"product_cat","embeddable":true,"href":"https:\/\/atv-tires.si\/hr\/wp-json\/wp\/v2\/product_cat?post=5691"},{"taxonomy":"product_tag","embeddable":true,"href":"https:\/\/atv-tires.si\/hr\/wp-json\/wp\/v2\/product_tag?post=5691"}],"curies":[{"name":"wp","href":"https:\/\/api.w.org\/{rel}","templated":true}]}}