{"id":5659,"date":"2024-07-06T20:58:51","date_gmt":"2024-07-06T20:58:51","guid":{"rendered":"https:\/\/atv-tires.si\/izdelek\/kenda-bounty-hunter-k537\/"},"modified":"2025-07-15T11:50:54","modified_gmt":"2025-07-15T11:50:54","slug":"kenda-bounty-hunter-k537","status":"publish","type":"product","link":"https:\/\/atv-tires.si\/hr\/izdelek\/kenda-bounty-hunter-k537\/","title":{"rendered":"KENDA BOUNTY HUNTER K537"},"content":{"rendered":"<p>Kenda Bounty Hunter K537 \u2013 prvi izbor kod Hunt the Wolf. 8-slojna radijalna guma, vrlo otporna na probijanje. Uglavnom preporu\u010dena guma za mekani teren (\u0161umu) ili za ekstremnu vo\u017enju.   <\/p>\n","protected":false},"excerpt":{"rendered":"<p>Kenda Bounty Hunter K537 \u2013 prvi izbor kod Hunt the Wolf. 8-slojna radijalna guma, vrlo otporna na probijanje. Uglavnom preporu\u010dena guma za mekani teren (\u0161umu) ili za ekstremnu vo\u017enju.<\/p>\n","protected":false},"featured_media":3218,"comment_status":"open","ping_status":"closed","template":"","meta":[],"product_brand":[300],"product_cat":[339,340],"product_tag":[341,484,467,483,344],"class_list":{"0":"post-5659","1":"product","2":"type-product","3":"status-publish","4":"has-post-thumbnail","6":"product_brand-kenda","7":"product_cat-gume-hr","8":"product_cat-gume-za-atv-utv-vozila","9":"product_tag-gume-za-atv-vozila","10":"product_tag-k537-hr","11":"product_tag-kenda-hr","12":"product_tag-lovac-na-glavu","13":"product_tag-terenske-gume-hr","15":"first","16":"instock","17":"sale","18":"featured","19":"taxable","20":"shipping-taxable","21":"purchasable","22":"product-type-variable"},"_links":{"self":[{"href":"https:\/\/atv-tires.si\/hr\/wp-json\/wp\/v2\/product\/5659","targetHints":{"allow":["GET"]}}],"collection":[{"href":"https:\/\/atv-tires.si\/hr\/wp-json\/wp\/v2\/product"}],"about":[{"href":"https:\/\/atv-tires.si\/hr\/wp-json\/wp\/v2\/types\/product"}],"replies":[{"embeddable":true,"href":"https:\/\/atv-tires.si\/hr\/wp-json\/wp\/v2\/comments?post=5659"}],"wp:featuredmedia":[{"embeddable":true,"href":"https:\/\/atv-tires.si\/hr\/wp-json\/wp\/v2\/media\/3218"}],"wp:attachment":[{"href":"https:\/\/atv-tires.si\/hr\/wp-json\/wp\/v2\/media?parent=5659"}],"wp:term":[{"taxonomy":"product_brand","embeddable":true,"href":"https:\/\/atv-tires.si\/hr\/wp-json\/wp\/v2\/product_brand?post=5659"},{"taxonomy":"product_cat","embeddable":true,"href":"https:\/\/atv-tires.si\/hr\/wp-json\/wp\/v2\/product_cat?post=5659"},{"taxonomy":"product_tag","embeddable":true,"href":"https:\/\/atv-tires.si\/hr\/wp-json\/wp\/v2\/product_tag?post=5659"}],"curies":[{"name":"wp","href":"https:\/\/api.w.org\/{rel}","templated":true}]}}