{"id":5658,"date":"2024-07-07T19:26:31","date_gmt":"2024-07-07T19:26:31","guid":{"rendered":"https:\/\/atv-tires.si\/izdelek\/maxxis-ceros-mu03-mu04\/"},"modified":"2025-09-17T17:12:25","modified_gmt":"2025-09-17T17:12:25","slug":"maxxis-ceros-mu03-mu04","status":"publish","type":"product","link":"https:\/\/atv-tires.si\/hr\/izdelek\/maxxis-ceros-mu03-mu04\/","title":{"rendered":"MAXXIS CEROS"},"content":{"rendered":"<p>Maxxis Ceros \u2013 najpopularnija guma u svijetu ATV vozila kada je u pitanju asfalt i zemljani teren.<\/p>\n<p> Nudi izvrsno upravljanje i upravljivost pri velikim brzinama.<\/p>\n<p> Gumu Maxxis Ceros \u010desto biraju i nekoliko SxS prvaka u utrkama prvenstva Lucas Oil Off Road Racing.<\/p>\n<p> \u0160esteroslojna radijalna konstrukcija pru\u017ea izvrsno prianjanje i otpornost na probijanje.<\/p>\n","protected":false},"excerpt":{"rendered":"<p>Maxxis Ceros \u2013 najpopularnija guma u svijetu ATV vozila kada je u pitanju asfalt i zemljani teren. Nudi izvrsno upravljanje i upravljivost pri velikim brzinama. Gumu Maxxis Ceros \u010desto biraju i nekoliko SxS prvaka u utrkama prvenstva Lucas Oil Off Road Racing. \u0160esteroslojna radijalna konstrukcija pru\u017ea izvrsno prianjanje i otpornost na probijanje.<\/p>\n","protected":false},"featured_media":6730,"comment_status":"open","ping_status":"closed","template":"","meta":[],"product_brand":[299],"product_cat":[339,340],"product_tag":[599,480,341,479,481,482,344],"class_list":{"0":"post-5658","1":"product","2":"type-product","3":"status-publish","4":"has-post-thumbnail","6":"product_brand-maxxis","7":"product_cat-gume-hr","8":"product_cat-gume-za-atv-utv-vozila","9":"product_tag-bestseler","10":"product_tag-ceros-hr","11":"product_tag-gume-za-atv-vozila","12":"product_tag-maxxis-hr","13":"product_tag-mu03-hr","14":"product_tag-mu04-hr","15":"product_tag-terenske-gume-hr","17":"first","18":"instock","19":"sale","20":"taxable","21":"shipping-taxable","22":"purchasable","23":"product-type-variable"},"_links":{"self":[{"href":"https:\/\/atv-tires.si\/hr\/wp-json\/wp\/v2\/product\/5658","targetHints":{"allow":["GET"]}}],"collection":[{"href":"https:\/\/atv-tires.si\/hr\/wp-json\/wp\/v2\/product"}],"about":[{"href":"https:\/\/atv-tires.si\/hr\/wp-json\/wp\/v2\/types\/product"}],"replies":[{"embeddable":true,"href":"https:\/\/atv-tires.si\/hr\/wp-json\/wp\/v2\/comments?post=5658"}],"wp:featuredmedia":[{"embeddable":true,"href":"https:\/\/atv-tires.si\/hr\/wp-json\/wp\/v2\/media\/6730"}],"wp:attachment":[{"href":"https:\/\/atv-tires.si\/hr\/wp-json\/wp\/v2\/media?parent=5658"}],"wp:term":[{"taxonomy":"product_brand","embeddable":true,"href":"https:\/\/atv-tires.si\/hr\/wp-json\/wp\/v2\/product_brand?post=5658"},{"taxonomy":"product_cat","embeddable":true,"href":"https:\/\/atv-tires.si\/hr\/wp-json\/wp\/v2\/product_cat?post=5658"},{"taxonomy":"product_tag","embeddable":true,"href":"https:\/\/atv-tires.si\/hr\/wp-json\/wp\/v2\/product_tag?post=5658"}],"curies":[{"name":"wp","href":"https:\/\/api.w.org\/{rel}","templated":true}]}}