{"id":5639,"date":"2024-07-06T21:14:31","date_gmt":"2024-07-06T21:14:31","guid":{"rendered":"https:\/\/atv-tires.si\/izdelek\/kenda-bearclau-k299\/"},"modified":"2025-09-22T11:30:18","modified_gmt":"2025-09-22T11:30:18","slug":"kenda-bearclau-k299","status":"publish","type":"product","link":"https:\/\/atv-tires.si\/hr\/izdelek\/kenda-bearclau-k299\/","title":{"rendered":"KENDA BEARCLAU K299"},"content":{"rendered":"<p>Prva BearClaw guma. Najbolja guma za kori\u0161tenje u \u0161irokom rasponu uvjeta. Ova guma zaista mo\u017ee sve!  <\/p>\n<p>\u0160esteroslojna guma s izuzetno jakom karkasom otporna je na probijanje.<\/p>\n<p>&nbsp;<\/p>\n","protected":false},"excerpt":{"rendered":"<p>Prva BearClaw guma. Najbolja guma za kori\u0161tenje u \u0161irokom rasponu uvjeta. Ova guma zaista mo\u017ee sve! \u0160esteroslojna guma s izuzetno jakom karkasom otporna je na probijanje. &nbsp;<\/p>\n","protected":false},"featured_media":3221,"comment_status":"open","ping_status":"closed","template":"","meta":[],"product_brand":[300],"product_cat":[339,340],"product_tag":[341,469,467,468,344],"class_list":{"0":"post-5639","1":"product","2":"type-product","3":"status-publish","4":"has-post-thumbnail","6":"product_brand-kenda","7":"product_cat-gume-hr","8":"product_cat-gume-za-atv-utv-vozila","9":"product_tag-gume-za-atv-vozila","10":"product_tag-k299-hr","11":"product_tag-kenda-hr","12":"product_tag-medvjeda-kandza","13":"product_tag-terenske-gume-hr","15":"first","16":"instock","17":"sale","18":"featured","19":"taxable","20":"shipping-taxable","21":"purchasable","22":"product-type-variable"},"_links":{"self":[{"href":"https:\/\/atv-tires.si\/hr\/wp-json\/wp\/v2\/product\/5639","targetHints":{"allow":["GET"]}}],"collection":[{"href":"https:\/\/atv-tires.si\/hr\/wp-json\/wp\/v2\/product"}],"about":[{"href":"https:\/\/atv-tires.si\/hr\/wp-json\/wp\/v2\/types\/product"}],"replies":[{"embeddable":true,"href":"https:\/\/atv-tires.si\/hr\/wp-json\/wp\/v2\/comments?post=5639"}],"wp:featuredmedia":[{"embeddable":true,"href":"https:\/\/atv-tires.si\/hr\/wp-json\/wp\/v2\/media\/3221"}],"wp:attachment":[{"href":"https:\/\/atv-tires.si\/hr\/wp-json\/wp\/v2\/media?parent=5639"}],"wp:term":[{"taxonomy":"product_brand","embeddable":true,"href":"https:\/\/atv-tires.si\/hr\/wp-json\/wp\/v2\/product_brand?post=5639"},{"taxonomy":"product_cat","embeddable":true,"href":"https:\/\/atv-tires.si\/hr\/wp-json\/wp\/v2\/product_cat?post=5639"},{"taxonomy":"product_tag","embeddable":true,"href":"https:\/\/atv-tires.si\/hr\/wp-json\/wp\/v2\/product_tag?post=5639"}],"curies":[{"name":"wp","href":"https:\/\/api.w.org\/{rel}","templated":true}]}}