{"id":5627,"date":"2025-07-07T11:07:55","date_gmt":"2025-07-07T11:07:55","guid":{"rendered":"https:\/\/atv-tires.si\/izdelek\/predator\/"},"modified":"2025-07-07T11:07:55","modified_gmt":"2025-07-07T11:07:55","slug":"predator","status":"publish","type":"product","link":"https:\/\/atv-tires.si\/hr\/izdelek\/predator\/","title":{"rendered":"Predator"},"content":{"rendered":"<p>Prava LT UTV guma. Prevazilazi DOT standarde testiranja. Dvostruka bo\u010dna stijenka: Uzorci i lijeve i desne bo\u010dne stijenke \u0161tite bo\u010dnu stijenku i pobolj\u0161avaju otpornost na probijanje. <\/p>\n<ul>\n<li>Radijalna konstrukcija s 8 slojeva.<\/li>\n<li>Stepenasti dizajn gaznog sloja za pobolj\u0161anje krutosti gaznog sloja i sprje\u010davanje slijeganja.<\/li>\n<li>Lamele na gaznom sloju pobolj\u0161avaju udobnost vo\u017enje.<\/li>\n<li>Vi\u0161estupanjski dizajn u\u010dinkovito smanjuje buku guma.<\/li>\n<\/ul>\n","protected":false},"excerpt":{"rendered":"<p>Guma Predator s vi\u0161estupanjskim dizajnom gaznoga sloja dizajnirana je za performanse i izdr\u017eljivost.<\/p>\n","protected":false},"featured_media":5384,"comment_status":"open","ping_status":"closed","template":"","meta":[],"product_brand":[294],"product_cat":[339,340],"product_tag":[],"class_list":{"0":"post-5627","1":"product","2":"type-product","3":"status-publish","4":"has-post-thumbnail","6":"product_brand-obor","7":"product_cat-gume-hr","8":"product_cat-gume-za-atv-utv-vozila","10":"first","11":"instock","12":"featured","13":"taxable","14":"shipping-taxable","15":"purchasable","16":"product-type-variable"},"_links":{"self":[{"href":"https:\/\/atv-tires.si\/hr\/wp-json\/wp\/v2\/product\/5627","targetHints":{"allow":["GET"]}}],"collection":[{"href":"https:\/\/atv-tires.si\/hr\/wp-json\/wp\/v2\/product"}],"about":[{"href":"https:\/\/atv-tires.si\/hr\/wp-json\/wp\/v2\/types\/product"}],"replies":[{"embeddable":true,"href":"https:\/\/atv-tires.si\/hr\/wp-json\/wp\/v2\/comments?post=5627"}],"wp:featuredmedia":[{"embeddable":true,"href":"https:\/\/atv-tires.si\/hr\/wp-json\/wp\/v2\/media\/5384"}],"wp:attachment":[{"href":"https:\/\/atv-tires.si\/hr\/wp-json\/wp\/v2\/media?parent=5627"}],"wp:term":[{"taxonomy":"product_brand","embeddable":true,"href":"https:\/\/atv-tires.si\/hr\/wp-json\/wp\/v2\/product_brand?post=5627"},{"taxonomy":"product_cat","embeddable":true,"href":"https:\/\/atv-tires.si\/hr\/wp-json\/wp\/v2\/product_cat?post=5627"},{"taxonomy":"product_tag","embeddable":true,"href":"https:\/\/atv-tires.si\/hr\/wp-json\/wp\/v2\/product_tag?post=5627"}],"curies":[{"name":"wp","href":"https:\/\/api.w.org\/{rel}","templated":true}]}}