{"id":5585,"date":"2024-07-08T14:33:47","date_gmt":"2024-07-08T14:33:47","guid":{"rendered":"https:\/\/atv-tires.si\/izdelek\/bulldog-b350\/"},"modified":"2025-09-18T12:19:26","modified_gmt":"2025-09-18T12:19:26","slug":"bulldog-b350","status":"publish","type":"product","link":"https:\/\/atv-tires.si\/hr\/izdelek\/bulldog-b350\/","title":{"rendered":"BULLDOG B350"},"content":{"rendered":"<p>Bulldog B350 \u2013 6-slojna guma za sve terene, ATV\/UTV, izvrsne sposobnosti samo\u010di\u0161\u0107enja, izuzetno dobra nosivost i pristupa\u010dna cijena.<\/p>\n<p> Homologirano za cestovni promet (E4)<\/p>\n<p style=\"font-weight: 400;\">\n","protected":false},"excerpt":{"rendered":"<p>Bulldog B350 \u2013 6-slojna guma za sve terene, ATV\/UTV, izvrsne sposobnosti samo\u010di\u0161\u0107enja, izuzetno dobra nosivost i pristupa\u010dna cijena. Homologirano za cestovni promet (E4)<\/p>\n","protected":false},"featured_media":6725,"comment_status":"open","ping_status":"closed","template":"","meta":[],"product_brand":[297],"product_cat":[339,340],"product_tag":[387,599,347,353,341,366,344],"class_list":{"0":"post-5585","1":"product","2":"type-product","3":"status-publish","4":"has-post-thumbnail","6":"product_brand-bulldog","7":"product_cat-gume-hr","8":"product_cat-gume-za-atv-utv-vozila","9":"product_tag-b350-hr","10":"product_tag-bestseler","11":"product_tag-buldog","12":"product_tag-cestovne-gume","13":"product_tag-gume-za-atv-vozila","14":"product_tag-gume-za-utv-vozila","15":"product_tag-terenske-gume-hr","17":"first","18":"instock","19":"taxable","20":"shipping-taxable","21":"purchasable","22":"product-type-variable"},"_links":{"self":[{"href":"https:\/\/atv-tires.si\/hr\/wp-json\/wp\/v2\/product\/5585","targetHints":{"allow":["GET"]}}],"collection":[{"href":"https:\/\/atv-tires.si\/hr\/wp-json\/wp\/v2\/product"}],"about":[{"href":"https:\/\/atv-tires.si\/hr\/wp-json\/wp\/v2\/types\/product"}],"replies":[{"embeddable":true,"href":"https:\/\/atv-tires.si\/hr\/wp-json\/wp\/v2\/comments?post=5585"}],"wp:featuredmedia":[{"embeddable":true,"href":"https:\/\/atv-tires.si\/hr\/wp-json\/wp\/v2\/media\/6725"}],"wp:attachment":[{"href":"https:\/\/atv-tires.si\/hr\/wp-json\/wp\/v2\/media?parent=5585"}],"wp:term":[{"taxonomy":"product_brand","embeddable":true,"href":"https:\/\/atv-tires.si\/hr\/wp-json\/wp\/v2\/product_brand?post=5585"},{"taxonomy":"product_cat","embeddable":true,"href":"https:\/\/atv-tires.si\/hr\/wp-json\/wp\/v2\/product_cat?post=5585"},{"taxonomy":"product_tag","embeddable":true,"href":"https:\/\/atv-tires.si\/hr\/wp-json\/wp\/v2\/product_tag?post=5585"}],"curies":[{"name":"wp","href":"https:\/\/api.w.org\/{rel}","templated":true}]}}