{"id":5558,"date":"2024-07-09T10:02:33","date_gmt":"2024-07-09T10:02:33","guid":{"rendered":"https:\/\/atv-tires.si\/izdelek\/bulldog-b348-21x7-10\/"},"modified":"2025-09-16T16:01:16","modified_gmt":"2025-09-16T16:01:16","slug":"bulldog-b348-21x7-10","status":"publish","type":"product","link":"https:\/\/atv-tires.si\/hr\/izdelek\/bulldog-b348-21x7-10\/","title":{"rendered":"BULLDOG B348 21X7-10"},"content":{"rendered":"<p>Bulldog B348 \u2013 6-slojna guma za Cross Country sportske quadove, X-gazni sloj s visokim prianjanjem na gotovo svim povr\u0161inama, izvrsna svojstva samo\u010di\u0161\u0107enja.<\/p>\n","protected":false},"excerpt":{"rendered":"<p>Bulldog B348 \u2013 6-slojna guma za Cross Country sportske quadove, X-gazni sloj s visokim prianjanjem na gotovo svim povr\u0161inama, izvrsna svojstva samo\u010di\u0161\u0107enja.<\/p>\n","protected":false},"featured_media":3296,"comment_status":"open","ping_status":"closed","template":"","meta":[],"product_brand":[297],"product_cat":[339,340],"product_tag":[377,347,341,378],"class_list":{"0":"post-5558","1":"product","2":"type-product","3":"status-publish","4":"has-post-thumbnail","6":"product_brand-bulldog","7":"product_cat-gume-hr","8":"product_cat-gume-za-atv-utv-vozila","9":"product_tag-b348-hr","10":"product_tag-buldog","11":"product_tag-gume-za-atv-vozila","12":"product_tag-sportski-atv","14":"first","15":"onbackorder","16":"taxable","17":"shipping-taxable","18":"purchasable","19":"product-type-simple"},"_links":{"self":[{"href":"https:\/\/atv-tires.si\/hr\/wp-json\/wp\/v2\/product\/5558","targetHints":{"allow":["GET"]}}],"collection":[{"href":"https:\/\/atv-tires.si\/hr\/wp-json\/wp\/v2\/product"}],"about":[{"href":"https:\/\/atv-tires.si\/hr\/wp-json\/wp\/v2\/types\/product"}],"replies":[{"embeddable":true,"href":"https:\/\/atv-tires.si\/hr\/wp-json\/wp\/v2\/comments?post=5558"}],"wp:featuredmedia":[{"embeddable":true,"href":"https:\/\/atv-tires.si\/hr\/wp-json\/wp\/v2\/media\/3296"}],"wp:attachment":[{"href":"https:\/\/atv-tires.si\/hr\/wp-json\/wp\/v2\/media?parent=5558"}],"wp:term":[{"taxonomy":"product_brand","embeddable":true,"href":"https:\/\/atv-tires.si\/hr\/wp-json\/wp\/v2\/product_brand?post=5558"},{"taxonomy":"product_cat","embeddable":true,"href":"https:\/\/atv-tires.si\/hr\/wp-json\/wp\/v2\/product_cat?post=5558"},{"taxonomy":"product_tag","embeddable":true,"href":"https:\/\/atv-tires.si\/hr\/wp-json\/wp\/v2\/product_tag?post=5558"}],"curies":[{"name":"wp","href":"https:\/\/api.w.org\/{rel}","templated":true}]}}