{"id":5547,"date":"2024-07-08T20:48:49","date_gmt":"2024-07-08T20:48:49","guid":{"rendered":"https:\/\/atv-tires.si\/izdelek\/bulldog-b330\/"},"modified":"2024-07-08T20:48:49","modified_gmt":"2024-07-08T20:48:49","slug":"bulldog-b330","status":"publish","type":"product","link":"https:\/\/atv-tires.si\/hr\/izdelek\/bulldog-b330\/","title":{"rendered":"BULLDOG B330"},"content":{"rendered":"<p>BULLDOG B330 \u2013 guma sa 6 slojeva po povoljnoj cijeni. Dizajnirana za sve vrste terena. Tako\u0111er se dobro pona\u0161a u blatu jer ima izvrsne sposobnosti samo\u010di\u0161\u0107enja.  <\/p>\n<p>&nbsp;<\/p>\n<p>Homologiran za cestovni promet (E4).<\/p>\n","protected":false},"excerpt":{"rendered":"<p>BULLDOG B330 \u2013 guma sa 6 slojeva po povoljnoj cijeni. Dizajnirana za sve vrste terena. Tako\u0111er se dobro pona\u0161a u blatu jer ima izvrsne sposobnosti samo\u010di\u0161\u0107enja. &nbsp; Homologiran za cestovni promet (E4).<\/p>\n","protected":false},"featured_media":1295,"comment_status":"open","ping_status":"closed","template":"","meta":[],"product_brand":[297],"product_cat":[339,340],"product_tag":[374,347,341,344],"class_list":{"0":"post-5547","1":"product","2":"type-product","3":"status-publish","4":"has-post-thumbnail","6":"product_brand-bulldog","7":"product_cat-gume-hr","8":"product_cat-gume-za-atv-utv-vozila","9":"product_tag-b330-hr","10":"product_tag-buldog","11":"product_tag-gume-za-atv-vozila","12":"product_tag-terenske-gume-hr","14":"first","15":"instock","16":"taxable","17":"shipping-taxable","18":"purchasable","19":"product-type-variable"},"_links":{"self":[{"href":"https:\/\/atv-tires.si\/hr\/wp-json\/wp\/v2\/product\/5547","targetHints":{"allow":["GET"]}}],"collection":[{"href":"https:\/\/atv-tires.si\/hr\/wp-json\/wp\/v2\/product"}],"about":[{"href":"https:\/\/atv-tires.si\/hr\/wp-json\/wp\/v2\/types\/product"}],"replies":[{"embeddable":true,"href":"https:\/\/atv-tires.si\/hr\/wp-json\/wp\/v2\/comments?post=5547"}],"wp:featuredmedia":[{"embeddable":true,"href":"https:\/\/atv-tires.si\/hr\/wp-json\/wp\/v2\/media\/1295"}],"wp:attachment":[{"href":"https:\/\/atv-tires.si\/hr\/wp-json\/wp\/v2\/media?parent=5547"}],"wp:term":[{"taxonomy":"product_brand","embeddable":true,"href":"https:\/\/atv-tires.si\/hr\/wp-json\/wp\/v2\/product_brand?post=5547"},{"taxonomy":"product_cat","embeddable":true,"href":"https:\/\/atv-tires.si\/hr\/wp-json\/wp\/v2\/product_cat?post=5547"},{"taxonomy":"product_tag","embeddable":true,"href":"https:\/\/atv-tires.si\/hr\/wp-json\/wp\/v2\/product_tag?post=5547"}],"curies":[{"name":"wp","href":"https:\/\/api.w.org\/{rel}","templated":true}]}}