{"id":5499,"date":"2024-07-08T14:10:20","date_gmt":"2024-07-08T14:10:20","guid":{"rendered":"https:\/\/atv-tires.si\/izdelek\/bulldog-b3035\/"},"modified":"2025-09-22T12:03:09","modified_gmt":"2025-09-22T12:03:09","slug":"bulldog-b3035","status":"publish","type":"product","link":"https:\/\/atv-tires.si\/hr\/izdelek\/bulldog-b3035\/","title":{"rendered":"BULLDOG B3035"},"content":{"rendered":"<p style=\"font-weight: 400;\">Bulldog B3035 \u2013 Radijalna guma sa 6 slojeva, homologirana za cestovni promet (E4). Izvrsno upravljanje pri velikim brzinama i pri ko\u010denju. Preporu\u010dujemo ga za asfalt i makadam. Tako\u0111er je pogodan za UTV natjecanja. Izvrsna kvaliteta po vrlo pristupa\u010dnoj cijeni.    <\/p>\n","protected":false},"excerpt":{"rendered":"<p>Bulldog B3035 \u2013 Radijalna guma sa 6 slojeva, homologirana za cestovni promet (E4). Izvrsno upravljanje pri velikim brzinama i pri ko\u010denju. Preporu\u010dujemo ga za asfalt i makadam. Tako\u0111er je pogodan za UTV natjecanja. Izvrsna kvaliteta po vrlo pristupa\u010dnoj cijeni.<\/p>\n","protected":false},"featured_media":3287,"comment_status":"open","ping_status":"closed","template":"","meta":[],"product_brand":[297],"product_cat":[339,340],"product_tag":[352,347,353,349,341,344],"class_list":{"0":"post-5499","1":"product","2":"type-product","3":"status-publish","4":"has-post-thumbnail","6":"product_brand-bulldog","7":"product_cat-gume-hr","8":"product_cat-gume-za-atv-utv-vozila","9":"product_tag-b3035-hr","10":"product_tag-buldog","11":"product_tag-cestovne-gume","12":"product_tag-gume","13":"product_tag-gume-za-atv-vozila","14":"product_tag-terenske-gume-hr","16":"first","17":"instock","18":"taxable","19":"shipping-taxable","20":"purchasable","21":"product-type-variable"},"_links":{"self":[{"href":"https:\/\/atv-tires.si\/hr\/wp-json\/wp\/v2\/product\/5499","targetHints":{"allow":["GET"]}}],"collection":[{"href":"https:\/\/atv-tires.si\/hr\/wp-json\/wp\/v2\/product"}],"about":[{"href":"https:\/\/atv-tires.si\/hr\/wp-json\/wp\/v2\/types\/product"}],"replies":[{"embeddable":true,"href":"https:\/\/atv-tires.si\/hr\/wp-json\/wp\/v2\/comments?post=5499"}],"wp:featuredmedia":[{"embeddable":true,"href":"https:\/\/atv-tires.si\/hr\/wp-json\/wp\/v2\/media\/3287"}],"wp:attachment":[{"href":"https:\/\/atv-tires.si\/hr\/wp-json\/wp\/v2\/media?parent=5499"}],"wp:term":[{"taxonomy":"product_brand","embeddable":true,"href":"https:\/\/atv-tires.si\/hr\/wp-json\/wp\/v2\/product_brand?post=5499"},{"taxonomy":"product_cat","embeddable":true,"href":"https:\/\/atv-tires.si\/hr\/wp-json\/wp\/v2\/product_cat?post=5499"},{"taxonomy":"product_tag","embeddable":true,"href":"https:\/\/atv-tires.si\/hr\/wp-json\/wp\/v2\/product_tag?post=5499"}],"curies":[{"name":"wp","href":"https:\/\/api.w.org\/{rel}","templated":true}]}}