{"id":5442,"date":"2025-07-07T11:17:36","date_gmt":"2025-07-07T11:17:36","guid":{"rendered":"https:\/\/atv-tires.si\/pravila-povrata\/"},"modified":"2025-07-09T10:23:26","modified_gmt":"2025-07-09T10:23:26","slug":"pravila-povrata","status":"publish","type":"page","link":"https:\/\/atv-tires.si\/hr\/pravila-povrata\/","title":{"rendered":"Pravila povrata"},"content":{"rendered":"\t\t<div data-elementor-type=\"wp-page\" data-elementor-id=\"5442\" class=\"elementor elementor-5442 elementor-2686\" data-elementor-post-type=\"page\">\n\t\t\t\t<div class=\"elementor-element elementor-element-9ae01cc e-flex e-con-boxed e-con e-parent\" data-id=\"9ae01cc\" data-element_type=\"container\" data-e-type=\"container\" data-settings=\"{&quot;background_background&quot;:&quot;classic&quot;}\">\n\t\t\t\t\t<div class=\"e-con-inner\">\n\t\t\t\t<div class=\"elementor-element elementor-element-e8a9762 elementor-widget elementor-widget-spacer\" data-id=\"e8a9762\" data-element_type=\"widget\" data-e-type=\"widget\" data-widget_type=\"spacer.default\">\n\t\t\t\t<div class=\"elementor-widget-container\">\n\t\t\t\t\t\t\t<div class=\"elementor-spacer\">\n\t\t\t<div class=\"elementor-spacer-inner\"><\/div>\n\t\t<\/div>\n\t\t\t\t\t\t<\/div>\n\t\t\t\t<\/div>\n\t\t\t\t<div class=\"elementor-element elementor-element-09589af elementor-widget elementor-widget-heading\" data-id=\"09589af\" data-element_type=\"widget\" data-e-type=\"widget\" data-widget_type=\"heading.default\">\n\t\t\t\t<div class=\"elementor-widget-container\">\n\t\t\t\t\t<h1 class=\"elementor-heading-title elementor-size-default\">Pravila povrata<\/h1>\t\t\t\t<\/div>\n\t\t\t\t<\/div>\n\t\t\t\t\t<\/div>\n\t\t\t\t<\/div>\n\t\t<div class=\"elementor-element elementor-element-dc26687 e-flex e-con-boxed e-con e-parent\" data-id=\"dc26687\" data-element_type=\"container\" data-e-type=\"container\">\n\t\t\t\t\t<div class=\"e-con-inner\">\n\t\t\t\t<div class=\"elementor-element elementor-element-072c766 elementor-widget elementor-widget-text-editor\" data-id=\"072c766\" data-element_type=\"widget\" data-e-type=\"widget\" data-widget_type=\"text-editor.default\">\n\t\t\t\t<div class=\"elementor-widget-container\">\n\t\t\t\t\t\t\t\t\t<h4>1. Pravo na odustajanje od ugovora<\/h4><p>Kupac, koji je potro\u0161a\u010d (fizi\u010dka osoba koja stje\u010de robu u svrhe izvan svoje profesionalne ili profitabilne djelatnosti), ima pravo u roku od 14 dana od primitka robe pismeno obavijestiti tvrtku da odustaje od ugovora, bez navo\u0111enja razloga.<\/p><p>Rok po\u010dinje te\u0107i dan nakon \u0161to kupac primi proizvod.<\/p><h4>2. Postupak povrata novca<\/h4><p>Za ostvarivanje prava na odustajanje od kupnje, molimo vas da nam po\u0161aljete nedvosmislenu izjavu na na\u0161u adresu e-po\u0161te: <strong><a href=\"mailto:info@mausser.net\">info@mausser.net<\/a><\/strong><\/p><p>Molimo vas da u svojoj poruci navedete:<\/p><ul><li>broj narud\u017ebe,<\/li><li>ime i prezime,<\/li><li>kontakt informacije,<\/li><li>informacije o proizvodu koji vra\u0107ate.<\/li><\/ul><p><br>Robu morate vratiti najkasnije u roku od 14 dana od datuma obavijesti o odustajanju od ugovora. Smatra se da ste robu vratili na vrijeme ako po\u0161iljku po\u0161aljete prije isteka roka od 14 dana. <\/p><h4>3. Uvjeti povrata guma<\/h4><p>Gume moraju biti:<\/p><ul><li>nekori\u0161teno,<\/li><li>neo\u0161te\u0107en,<\/li><li>u originalnom stanju,<\/li><li>sa svim prilo\u017eenim dokumentima (ako ih ima).<\/li><\/ul><p><br>Ako su gume ve\u0107 montirane ili pokazuju vidljive znakove kori\u0161tenja, povrat nije mogu\u0107, osim ako se ne radi o reklamaciji ili materijalnom nedostatku.<\/p><h4>4. Tro\u0161kovi povrata<\/h4><p>Kupac snosi tro\u0161kove povrata robe, osim ako nije druga\u010dije dogovoreno ili ako je proizvod o\u0161te\u0107en ili neispravno isporu\u010den na\u0161om krivnjom. <\/p><h4>5. Povrat novca<\/h4><p>Vratit \u0107emo vam kupovnu cijenu najkasnije u roku od 14 dana od datuma primitka va\u0161e obavijesti o odustajanju od ugovora, ali zadr\u017eavamo pravo zadr\u017eati povrat dok ne primimo vra\u0107enu robu ili dok ne dobijemo dokaz da ste robu poslali natrag.<\/p><p>Kupoprodajna cijena bit \u0107e vra\u0107ena na isti na\u010din na koji je uplata izvr\u0161ena, osim ako kupac izri\u010dito ne zatra\u017ei druga\u010dije.<\/p><h4>6. Materijalni nedostatak ili reklamacija<\/h4><p>Ako kupac prilikom primitka otkrije da su gume o\u0161te\u0107ene, neispravne ili imaju defekt, mora nas odmah obavijestiti i prilo\u017eiti fotografije kvara.<\/p><p>U slu\u010daju materijalne pogre\u0161ke, omogu\u0107it \u0107emo vam:<\/p><ul><li>zamjena proizvoda,<\/li><li>ispravljanje gre\u0161aka ili<\/li><li>povrat kupoprodajne cijene.<\/li><\/ul><h4>7. Iznimke od mogu\u0107nosti povrata novca<\/h4><p>Povrat nije mogu\u0107 za gume koje su bile:<\/p><ul><li>po mjeri (posebne narud\u017ebe),<\/li><li>kori\u0161teno ili instalirano,<\/li><li>mehani\u010dki o\u0161te\u0107en nakon primitka.<\/li><\/ul><p><br>Za dodatna pitanja, molimo kontaktirajte nas putem e-maila <strong><a href=\"mailto:info@mausser.net\">info@mausser.net<\/a><\/strong> ili telefona <strong><a href=\"telefon: +386 %2051% 20628% 20845\">+386 (0)51 628 845<\/a><\/strong> .<\/p>\t\t\t\t\t\t\t\t<\/div>\n\t\t\t\t<\/div>\n\t\t\t\t\t<\/div>\n\t\t\t\t<\/div>\n\t\t\t\t<\/div>\n\t\t","protected":false},"excerpt":{"rendered":"<p>1. Pravo na odustajanje od ugovora Kupac, koji je potro\u0161a\u010d (fizi\u010dka osoba koja stje\u010de robu u svrhe izvan svoje profesionalne ili profitabilne djelatnosti), ima pravo u roku od 14 dana od primitka robe pismeno obavijestiti tvrtku da odustaje od ugovora, bez navo\u0111enja razloga. Rok po\u010dinje te\u0107i dan nakon \u0161to kupac primi proizvod. 2. Postupak povrata [&hellip;]<\/p>\n","protected":false},"author":1,"featured_media":0,"parent":0,"menu_order":0,"comment_status":"closed","ping_status":"closed","template":"elementor_header_footer","meta":{"footnotes":""},"class_list":["post-5442","page","type-page","status-publish","hentry"],"_links":{"self":[{"href":"https:\/\/atv-tires.si\/hr\/wp-json\/wp\/v2\/pages\/5442","targetHints":{"allow":["GET"]}}],"collection":[{"href":"https:\/\/atv-tires.si\/hr\/wp-json\/wp\/v2\/pages"}],"about":[{"href":"https:\/\/atv-tires.si\/hr\/wp-json\/wp\/v2\/types\/page"}],"author":[{"embeddable":true,"href":"https:\/\/atv-tires.si\/hr\/wp-json\/wp\/v2\/users\/1"}],"replies":[{"embeddable":true,"href":"https:\/\/atv-tires.si\/hr\/wp-json\/wp\/v2\/comments?post=5442"}],"version-history":[{"count":3,"href":"https:\/\/atv-tires.si\/hr\/wp-json\/wp\/v2\/pages\/5442\/revisions"}],"predecessor-version":[{"id":6062,"href":"https:\/\/atv-tires.si\/hr\/wp-json\/wp\/v2\/pages\/5442\/revisions\/6062"}],"wp:attachment":[{"href":"https:\/\/atv-tires.si\/hr\/wp-json\/wp\/v2\/media?parent=5442"}],"curies":[{"name":"wp","href":"https:\/\/api.w.org\/{rel}","templated":true}]}}