{"id":7043,"date":"2026-03-03T20:09:12","date_gmt":"2026-03-03T20:09:12","guid":{"rendered":"https:\/\/atv-tires.si\/?post_type=product&#038;p=7043"},"modified":"2026-03-03T20:09:12","modified_gmt":"2026-03-03T20:09:12","slug":"cst-dingo-cu47","status":"publish","type":"product","link":"https:\/\/atv-tires.si\/en\/izdelek\/cst-dingo-cu47\/","title":{"rendered":"CST DINGO CU47"},"content":{"rendered":"<p>Podajte se v divjino z Dingo \u2013 terensko pnevmatiko, zasnovano tako, da zagotavlja izjemen oprijem v vseh pogojih. Dingo ima agresiven vzorec tekalne plasti za mo\u010dan oprijem med pospe\u0161evanjem v kolesnicah. Dingova 8-slojna radialna konstrukcija zagotavlja vzdr\u017eljivost, udobje vo\u017enje in samozavest pri visokih hitrostih na poti. Dingo je bil zasnovan za vse vrste terena in bo va\u0161o vo\u017enjo skozi divjino naredil nepozabno.<\/p>\n","protected":false},"excerpt":{"rendered":"<p>Podajte se v divjino z Dingo \u2013 terensko pnevmatiko, zasnovano tako, da zagotavlja izjemen oprijem v vseh pogojih. Dingo ima agresiven vzorec tekalne plasti za mo\u010dan oprijem med pospe\u0161evanjem v kolesnicah. Dingova 8-slojna radialna konstrukcija zagotavlja vzdr\u017eljivost, udobje vo\u017enje in samozavest pri visokih hitrostih na poti. Dingo je bil zasnovan za vse vrste terena in [&hellip;]<\/p>\n","protected":false},"featured_media":7044,"comment_status":"open","ping_status":"closed","template":"","meta":[],"product_brand":[301],"product_cat":[302,36],"product_tag":[95,107],"class_list":{"0":"post-7043","1":"product","2":"type-product","3":"status-publish","4":"has-post-thumbnail","6":"product_brand-cst","7":"product_cat-atv-utv-gume","8":"product_cat-gume","9":"product_tag-cst","10":"product_tag-dingo","12":"first","13":"instock","14":"taxable","15":"shipping-taxable","16":"purchasable","17":"product-type-simple"},"_links":{"self":[{"href":"https:\/\/atv-tires.si\/en\/wp-json\/wp\/v2\/product\/7043","targetHints":{"allow":["GET"]}}],"collection":[{"href":"https:\/\/atv-tires.si\/en\/wp-json\/wp\/v2\/product"}],"about":[{"href":"https:\/\/atv-tires.si\/en\/wp-json\/wp\/v2\/types\/product"}],"replies":[{"embeddable":true,"href":"https:\/\/atv-tires.si\/en\/wp-json\/wp\/v2\/comments?post=7043"}],"wp:featuredmedia":[{"embeddable":true,"href":"https:\/\/atv-tires.si\/en\/wp-json\/wp\/v2\/media\/7044"}],"wp:attachment":[{"href":"https:\/\/atv-tires.si\/en\/wp-json\/wp\/v2\/media?parent=7043"}],"wp:term":[{"taxonomy":"product_brand","embeddable":true,"href":"https:\/\/atv-tires.si\/en\/wp-json\/wp\/v2\/product_brand?post=7043"},{"taxonomy":"product_cat","embeddable":true,"href":"https:\/\/atv-tires.si\/en\/wp-json\/wp\/v2\/product_cat?post=7043"},{"taxonomy":"product_tag","embeddable":true,"href":"https:\/\/atv-tires.si\/en\/wp-json\/wp\/v2\/product_tag?post=7043"}],"curies":[{"name":"wp","href":"https:\/\/api.w.org\/{rel}","templated":true}]}}