{"id":7126,"date":"2026-05-01T10:15:43","date_gmt":"2026-05-01T10:15:43","guid":{"rendered":"https:\/\/atv-tires.si\/?post_type=product&#038;p=7126"},"modified":"2026-05-01T10:20:49","modified_gmt":"2026-05-01T10:20:49","slug":"obor-advent-20x11-9","status":"publish","type":"product","link":"https:\/\/atv-tires.si\/de\/izdelek\/obor-advent-20x11-9\/","title":{"rendered":"OBOR ADVENT 20X11-9"},"content":{"rendered":"<p data-start=\"73\" data-end=\"267\"><strong data-start=\"73\" data-end=\"88\">Obor Advent<\/strong> je vsestranska (all-terrain) pnevmatika, namenjena predvsem za \u0161portne \u0161tirikolesnike . Razvita je za vo\u017enjo po razli\u010dnih podlagah \u2013 od trdih makadamskih poti do mehkej\u0161ega terena. Primerna za XC\/CCtekme.<\/p>\n<p data-start=\"73\" data-end=\"267\">Obor Advent pnevmatika je tudi \"top izbira\" v Ameri\u0161kem prvenstvu GNCC.<\/p>\n","protected":false},"excerpt":{"rendered":"<p>Obor Advent je vsestranska (all-terrain) pnevmatika, namenjena predvsem za \u0161portne \u0161tirikolesnike . Razvita je za vo\u017enjo po razli\u010dnih podlagah \u2013 od trdih makadamskih poti do mehkej\u0161ega terena. Primerna za XC\/CCtekme. Obor Advent pnevmatika je tudi \"top izbira\" v Ameri\u0161kem prvenstvu GNCC.<\/p>\n","protected":false},"featured_media":7127,"comment_status":"open","ping_status":"closed","template":"","meta":[],"product_brand":[294],"product_cat":[302,36],"product_tag":[770,722,147],"class_list":{"0":"post-7126","1":"product","2":"type-product","3":"status-publish","4":"has-post-thumbnail","6":"product_brand-obor","7":"product_cat-atv-utv-gume","8":"product_cat-gume","9":"product_tag-advent","10":"product_tag-obor","11":"product_tag-sport-atv","13":"first","14":"instock","15":"taxable","16":"shipping-taxable","17":"purchasable","18":"product-type-simple"},"_links":{"self":[{"href":"https:\/\/atv-tires.si\/de\/wp-json\/wp\/v2\/product\/7126","targetHints":{"allow":["GET"]}}],"collection":[{"href":"https:\/\/atv-tires.si\/de\/wp-json\/wp\/v2\/product"}],"about":[{"href":"https:\/\/atv-tires.si\/de\/wp-json\/wp\/v2\/types\/product"}],"replies":[{"embeddable":true,"href":"https:\/\/atv-tires.si\/de\/wp-json\/wp\/v2\/comments?post=7126"}],"wp:featuredmedia":[{"embeddable":true,"href":"https:\/\/atv-tires.si\/de\/wp-json\/wp\/v2\/media\/7127"}],"wp:attachment":[{"href":"https:\/\/atv-tires.si\/de\/wp-json\/wp\/v2\/media?parent=7126"}],"wp:term":[{"taxonomy":"product_brand","embeddable":true,"href":"https:\/\/atv-tires.si\/de\/wp-json\/wp\/v2\/product_brand?post=7126"},{"taxonomy":"product_cat","embeddable":true,"href":"https:\/\/atv-tires.si\/de\/wp-json\/wp\/v2\/product_cat?post=7126"},{"taxonomy":"product_tag","embeddable":true,"href":"https:\/\/atv-tires.si\/de\/wp-json\/wp\/v2\/product_tag?post=7126"}],"curies":[{"name":"wp","href":"https:\/\/api.w.org\/{rel}","templated":true}]}}