{"id":6793,"date":"2025-10-14T20:59:15","date_gmt":"2025-10-14T20:59:15","guid":{"rendered":"https:\/\/atv-tires.si\/?post_type=product&#038;p=6793"},"modified":"2026-03-31T17:37:01","modified_gmt":"2026-03-31T17:37:01","slug":"wanda-p350-preorder-november","status":"publish","type":"product","link":"https:\/\/atv-tires.si\/de\/izdelek\/wanda-p350-preorder-november\/","title":{"rendered":"WANDA P350"},"content":{"rendered":"<p>Pnevmatika WANDA P350 je terenska pnevmatika za \u0161tirikolesnike\/UTV, \u00a0pnevmatika z neusmerjenim dezenom tekalne plasti, ki se dobro obnese na vseh povr\u0161inah, 6-slojna pnevmatika, odli\u010dne samo\u010distilne sposobnosti, izjemno dobra nosilnost, ugodna cena, homologirana za cestni promet (E4)<\/p>\n","protected":false},"excerpt":{"rendered":"<p>Pnevmatika WANDA P350 je terenska pnevmatika za \u0161tirikolesnike\/UTV, \u00a0pnevmatika z neusmerjenim dezenom tekalne plasti, ki se dobro obnese na vseh povr\u0161inah, 6-slojna pnevmatika, odli\u010dne samo\u010distilne sposobnosti, izjemno dobra nosilnost, ugodna cena, homologirana za cestni promet (E4)<\/p>\n","protected":false},"featured_media":6800,"comment_status":"open","ping_status":"closed","template":"","meta":[],"product_brand":[295],"product_cat":[345,342],"product_tag":[742,741,692],"class_list":{"0":"post-6793","1":"product","2":"type-product","3":"status-publish","4":"has-post-thumbnail","6":"product_brand-wanda","7":"product_cat-atv-utv-tires","8":"product_cat-tires","9":"product_tag-e4-homologacija","10":"product_tag-p350","11":"product_tag-wanda-en","13":"first","14":"instock","15":"taxable","16":"shipping-taxable","17":"purchasable","18":"product-type-variable"},"_links":{"self":[{"href":"https:\/\/atv-tires.si\/de\/wp-json\/wp\/v2\/product\/6793","targetHints":{"allow":["GET"]}}],"collection":[{"href":"https:\/\/atv-tires.si\/de\/wp-json\/wp\/v2\/product"}],"about":[{"href":"https:\/\/atv-tires.si\/de\/wp-json\/wp\/v2\/types\/product"}],"replies":[{"embeddable":true,"href":"https:\/\/atv-tires.si\/de\/wp-json\/wp\/v2\/comments?post=6793"}],"wp:featuredmedia":[{"embeddable":true,"href":"https:\/\/atv-tires.si\/de\/wp-json\/wp\/v2\/media\/6800"}],"wp:attachment":[{"href":"https:\/\/atv-tires.si\/de\/wp-json\/wp\/v2\/media?parent=6793"}],"wp:term":[{"taxonomy":"product_brand","embeddable":true,"href":"https:\/\/atv-tires.si\/de\/wp-json\/wp\/v2\/product_brand?post=6793"},{"taxonomy":"product_cat","embeddable":true,"href":"https:\/\/atv-tires.si\/de\/wp-json\/wp\/v2\/product_cat?post=6793"},{"taxonomy":"product_tag","embeddable":true,"href":"https:\/\/atv-tires.si\/de\/wp-json\/wp\/v2\/product_tag?post=6793"}],"curies":[{"name":"wp","href":"https:\/\/api.w.org\/{rel}","templated":true}]}}