{"id":6558,"date":"2025-09-17T10:21:02","date_gmt":"2025-09-17T10:21:02","guid":{"rendered":"https:\/\/atv-tires.si\/izdelek\/wanda-p390\/"},"modified":"2025-09-18T11:47:41","modified_gmt":"2025-09-18T11:47:41","slug":"wanda-p390","status":"publish","type":"product","link":"https:\/\/atv-tires.si\/de\/izdelek\/wanda-p390\/","title":{"rendered":"WANDA P390"},"content":{"rendered":"<p data-start=\"2161\" data-end=\"2437\"><strong data-start=\"2161\" data-end=\"2175\">Der WANDA P390<\/strong> ist ein zuverl\u00e4ssiger und langlebiger ATV\/UTV-Reifen, der f\u00fcr eine Vielzahl von Nutzern geeignet ist. Er bietet guten Grip, ein sicheres Fahrgef\u00fchl bei einer Vielzahl von Bedingungen und ist erschwinglich. Mit seiner ausgezeichneten Selbstreinigung und den Schulterverst\u00e4rkungen ist er die perfekte Wahl f\u00fcr alle Arten von Terrain.  <\/p>\n<h2 data-start=\"384\" data-end=\"407\">\ud83d\udd27 Hauptmerkmale<\/h2>\n<ul data-start=\"409\" data-end=\"844\">\n<li data-start=\"409\" data-end=\"547\">\n<p data-start=\"411\" data-end=\"547\"><strong data-start=\"411\" data-end=\"438\">Nicht richtungsgebundenes Profil (dez\u00e9n<\/strong>): erm\u00f6glicht die Montage auf beiden Seiten und bietet eine hervorragende Selbstreinigung in Schlamm, Sand, Steinen und hartem Boden.<\/p>\n<\/li>\n<li data-start=\"548\" data-end=\"640\">\n<p data-start=\"550\" data-end=\"640\"><strong data-start=\"550\" data-end=\"569\">6 PR (6 Schichten)<\/strong>: verst\u00e4rkte Struktur f\u00fcr erh\u00f6hte Haltbarkeit und Durchsto\u00dffestigkeit.<\/p>\n<\/li>\n<li data-start=\"641\" data-end=\"761\">\n<p data-start=\"643\" data-end=\"761\"><strong data-start=\"643\" data-end=\"664\">Verbesserter Grip<\/strong>: Schulterkanten mit akzentuierten \"Stollen\" f\u00fcr bessere Kurvenhaftung und Reifenflankenschutz.<\/p>\n<\/li>\n<li data-start=\"762\" data-end=\"844\">\n<p data-start=\"764\" data-end=\"844\"><strong data-start=\"764\" data-end=\"786\">Leichtbauweise<\/strong>: verbessert das Handling, die Beschleunigung und die Man\u00f6vrierf\u00e4higkeit im Gel\u00e4nde.<\/p>\n<\/li>\n<\/ul>\n","protected":false},"excerpt":{"rendered":"<p>Der WANDA P390 ist ein zuverl\u00e4ssiger und langlebiger ATV\/UTV-Reifen, der f\u00fcr eine Vielzahl von Nutzern geeignet ist. Er bietet guten Grip, ein sicheres Fahrgef\u00fchl bei einer Vielzahl von Bedingungen und ist erschwinglich. Mit seiner ausgezeichneten Selbstreinigung und den Schulterverst\u00e4rkungen ist er die perfekte Wahl f\u00fcr alle Arten von Terrain. \ud83d\udd27 Hauptmerkmale Nicht richtungsgebundenes Profil (dez\u00e9n): [&hellip;]<\/p>\n","protected":false},"featured_media":6697,"comment_status":"open","ping_status":"closed","template":"","meta":[],"product_brand":[295],"product_cat":[359,358],"product_tag":[360,738,597,361,691,690],"class_list":{"0":"post-6558","1":"product","2":"type-product","3":"status-publish","4":"has-post-thumbnail","6":"product_brand-wanda","7":"product_cat-atv-utv-gummi","8":"product_cat-gummi","9":"product_tag-atv-pnevmatics-de","10":"product_tag-atv-utv-de","11":"product_tag-bestseller-de","12":"product_tag-off-road-reifen","13":"product_tag-p390-de","14":"product_tag-wanda-de","16":"first","17":"instock","18":"featured","19":"taxable","20":"shipping-taxable","21":"purchasable","22":"product-type-variable"},"_links":{"self":[{"href":"https:\/\/atv-tires.si\/de\/wp-json\/wp\/v2\/product\/6558","targetHints":{"allow":["GET"]}}],"collection":[{"href":"https:\/\/atv-tires.si\/de\/wp-json\/wp\/v2\/product"}],"about":[{"href":"https:\/\/atv-tires.si\/de\/wp-json\/wp\/v2\/types\/product"}],"replies":[{"embeddable":true,"href":"https:\/\/atv-tires.si\/de\/wp-json\/wp\/v2\/comments?post=6558"}],"wp:featuredmedia":[{"embeddable":true,"href":"https:\/\/atv-tires.si\/de\/wp-json\/wp\/v2\/media\/6697"}],"wp:attachment":[{"href":"https:\/\/atv-tires.si\/de\/wp-json\/wp\/v2\/media?parent=6558"}],"wp:term":[{"taxonomy":"product_brand","embeddable":true,"href":"https:\/\/atv-tires.si\/de\/wp-json\/wp\/v2\/product_brand?post=6558"},{"taxonomy":"product_cat","embeddable":true,"href":"https:\/\/atv-tires.si\/de\/wp-json\/wp\/v2\/product_cat?post=6558"},{"taxonomy":"product_tag","embeddable":true,"href":"https:\/\/atv-tires.si\/de\/wp-json\/wp\/v2\/product_tag?post=6558"}],"curies":[{"name":"wp","href":"https:\/\/api.w.org\/{rel}","templated":true}]}}