{"id":5820,"date":"2025-07-07T11:07:55","date_gmt":"2025-07-07T11:07:55","guid":{"rendered":"https:\/\/atv-tires.si\/izdelek\/riple\/"},"modified":"2025-09-18T11:21:53","modified_gmt":"2025-09-18T11:21:53","slug":"riple","status":"publish","type":"product","link":"https:\/\/atv-tires.si\/de\/izdelek\/riple\/","title":{"rendered":"Riple"},"content":{"rendered":"<h3>\u00dcberlegener Grip bei leichtem Schmutz und leichtem Schlamm<\/h3>\n<p>Die Riple-Reifen wurden f\u00fcr eine hervorragende Leistung bei einer Vielzahl von Bedingungen entwickelt. Ihr Profil ist speziell darauf ausgelegt, Schmutz zu entfernen und die Haftung bei leichtem Schmutz oder leichtem Schlamm zu erhalten. Das macht sie zur idealen Wahl f\u00fcr W\u00e4lder, Pfade und leicht schlammige Bedingungen und sorgt f\u00fcr zuverl\u00e4ssige Leistung, wohin auch immer Ihre Abenteuer Sie f\u00fchren. <\/p>\n","protected":false},"excerpt":{"rendered":"<p>Die Riple UTV- und ATV-Reifen von OBOR sind f\u00fcr ein unvergleichliches Offroad-Erlebnis konzipiert.<\/p>\n","protected":false},"featured_media":5401,"comment_status":"open","ping_status":"closed","template":"","meta":[],"product_brand":[294],"product_cat":[359],"product_tag":[],"class_list":{"0":"post-5820","1":"product","2":"type-product","3":"status-publish","4":"has-post-thumbnail","6":"product_brand-obor","7":"product_cat-atv-utv-gummi","9":"first","10":"instock","11":"taxable","12":"shipping-taxable","13":"purchasable","14":"product-type-variable"},"_links":{"self":[{"href":"https:\/\/atv-tires.si\/de\/wp-json\/wp\/v2\/product\/5820","targetHints":{"allow":["GET"]}}],"collection":[{"href":"https:\/\/atv-tires.si\/de\/wp-json\/wp\/v2\/product"}],"about":[{"href":"https:\/\/atv-tires.si\/de\/wp-json\/wp\/v2\/types\/product"}],"replies":[{"embeddable":true,"href":"https:\/\/atv-tires.si\/de\/wp-json\/wp\/v2\/comments?post=5820"}],"wp:featuredmedia":[{"embeddable":true,"href":"https:\/\/atv-tires.si\/de\/wp-json\/wp\/v2\/media\/5401"}],"wp:attachment":[{"href":"https:\/\/atv-tires.si\/de\/wp-json\/wp\/v2\/media?parent=5820"}],"wp:term":[{"taxonomy":"product_brand","embeddable":true,"href":"https:\/\/atv-tires.si\/de\/wp-json\/wp\/v2\/product_brand?post=5820"},{"taxonomy":"product_cat","embeddable":true,"href":"https:\/\/atv-tires.si\/de\/wp-json\/wp\/v2\/product_cat?post=5820"},{"taxonomy":"product_tag","embeddable":true,"href":"https:\/\/atv-tires.si\/de\/wp-json\/wp\/v2\/product_tag?post=5820"}],"curies":[{"name":"wp","href":"https:\/\/api.w.org\/{rel}","templated":true}]}}