{"id":5780,"date":"2024-07-05T10:07:45","date_gmt":"2024-07-05T10:07:45","guid":{"rendered":"https:\/\/atv-tires.si\/izdelek\/cst-stag\/"},"modified":"2026-03-26T07:21:30","modified_gmt":"2026-03-26T07:21:30","slug":"cst-stag","status":"publish","type":"product","link":"https:\/\/atv-tires.si\/de\/izdelek\/cst-stag\/","title":{"rendered":"CST STAG"},"content":{"rendered":"<p style=\"font-weight: 400;\">CST STAG - der Reifen f\u00fcr \"alles\". Er ist f\u00fcr hartes Gel\u00e4nde, D\u00fcnen, Schlamm und Schnee konzipiert. Wir sehen diesen Reifen oft bei Rallye-Veranstaltungen, DAKAR, HELLAS RALLY&#8230;.  <\/p>\n","protected":false},"excerpt":{"rendered":"<p>CST STAG - der Reifen f\u00fcr \"alles\". Er ist f\u00fcr hartes Gel\u00e4nde, D\u00fcnen, Schlamm und Schnee konzipiert. Wir sehen diesen Reifen oft bei Rallye-Veranstaltungen, DAKAR, HELLAS RALLY&#8230;.<\/p>\n","protected":false},"featured_media":3205,"comment_status":"open","ping_status":"closed","template":"","meta":[],"product_brand":[301],"product_cat":[359,358],"product_tag":[360,496,527,529,361,568],"class_list":{"0":"post-5780","1":"product","2":"type-product","3":"status-publish","4":"has-post-thumbnail","6":"product_brand-cst","7":"product_cat-atv-utv-gummi","8":"product_cat-gummi","9":"product_tag-atv-pnevmatics-de","10":"product_tag-cst-de","11":"product_tag-dakar-de","12":"product_tag-hellas-rally-de","13":"product_tag-off-road-reifen","14":"product_tag-stag-de","16":"first","17":"instock","18":"sale","19":"featured","20":"taxable","21":"shipping-taxable","22":"purchasable","23":"product-type-variable"},"_links":{"self":[{"href":"https:\/\/atv-tires.si\/de\/wp-json\/wp\/v2\/product\/5780","targetHints":{"allow":["GET"]}}],"collection":[{"href":"https:\/\/atv-tires.si\/de\/wp-json\/wp\/v2\/product"}],"about":[{"href":"https:\/\/atv-tires.si\/de\/wp-json\/wp\/v2\/types\/product"}],"replies":[{"embeddable":true,"href":"https:\/\/atv-tires.si\/de\/wp-json\/wp\/v2\/comments?post=5780"}],"wp:featuredmedia":[{"embeddable":true,"href":"https:\/\/atv-tires.si\/de\/wp-json\/wp\/v2\/media\/3205"}],"wp:attachment":[{"href":"https:\/\/atv-tires.si\/de\/wp-json\/wp\/v2\/media?parent=5780"}],"wp:term":[{"taxonomy":"product_brand","embeddable":true,"href":"https:\/\/atv-tires.si\/de\/wp-json\/wp\/v2\/product_brand?post=5780"},{"taxonomy":"product_cat","embeddable":true,"href":"https:\/\/atv-tires.si\/de\/wp-json\/wp\/v2\/product_cat?post=5780"},{"taxonomy":"product_tag","embeddable":true,"href":"https:\/\/atv-tires.si\/de\/wp-json\/wp\/v2\/product_tag?post=5780"}],"curies":[{"name":"wp","href":"https:\/\/api.w.org\/{rel}","templated":true}]}}