{"id":5760,"date":"2024-07-05T10:13:07","date_gmt":"2024-07-05T10:13:07","guid":{"rendered":"https:\/\/atv-tires.si\/izdelek\/cst-dingo\/"},"modified":"2025-07-15T11:51:58","modified_gmt":"2025-07-15T11:51:58","slug":"cst-dingo","status":"publish","type":"product","link":"https:\/\/atv-tires.si\/de\/izdelek\/cst-dingo\/","title":{"rendered":"CST DINGO"},"content":{"rendered":"<p style=\"font-weight: 400;\">CST DINGO - UTV SXS-Gel\u00e4ndereifen. 8-lagige Radialkonstruktion f\u00fcr Best\u00e4ndigkeit, Fahrkomfort und Vertrauen bei hohen Geschwindigkeiten. <\/p>\n","protected":false},"excerpt":{"rendered":"<p>CST DINGO - UTV SXS-Gel\u00e4ndereifen. 8-lagige Radialkonstruktion f\u00fcr Best\u00e4ndigkeit, Fahrkomfort und Vertrauen bei hohen Geschwindigkeiten.<\/p>\n","protected":false},"featured_media":3208,"comment_status":"open","ping_status":"closed","template":"","meta":[],"product_brand":[301],"product_cat":[359,358],"product_tag":[597,496,556,561,560,558,362],"class_list":{"0":"post-5760","1":"product","2":"type-product","3":"status-publish","4":"has-post-thumbnail","6":"product_brand-cst","7":"product_cat-atv-utv-gummi","8":"product_cat-gummi","9":"product_tag-bestseller-de","10":"product_tag-cst-de","11":"product_tag-dingo-de","12":"product_tag-rally-de","13":"product_tag-sxs-de","14":"product_tag-utv-de","15":"product_tag-utv-pneumatik","17":"first","18":"instock","19":"taxable","20":"shipping-taxable","21":"purchasable","22":"product-type-variable"},"_links":{"self":[{"href":"https:\/\/atv-tires.si\/de\/wp-json\/wp\/v2\/product\/5760","targetHints":{"allow":["GET"]}}],"collection":[{"href":"https:\/\/atv-tires.si\/de\/wp-json\/wp\/v2\/product"}],"about":[{"href":"https:\/\/atv-tires.si\/de\/wp-json\/wp\/v2\/types\/product"}],"replies":[{"embeddable":true,"href":"https:\/\/atv-tires.si\/de\/wp-json\/wp\/v2\/comments?post=5760"}],"wp:featuredmedia":[{"embeddable":true,"href":"https:\/\/atv-tires.si\/de\/wp-json\/wp\/v2\/media\/3208"}],"wp:attachment":[{"href":"https:\/\/atv-tires.si\/de\/wp-json\/wp\/v2\/media?parent=5760"}],"wp:term":[{"taxonomy":"product_brand","embeddable":true,"href":"https:\/\/atv-tires.si\/de\/wp-json\/wp\/v2\/product_brand?post=5760"},{"taxonomy":"product_cat","embeddable":true,"href":"https:\/\/atv-tires.si\/de\/wp-json\/wp\/v2\/product_cat?post=5760"},{"taxonomy":"product_tag","embeddable":true,"href":"https:\/\/atv-tires.si\/de\/wp-json\/wp\/v2\/product_tag?post=5760"}],"curies":[{"name":"wp","href":"https:\/\/api.w.org\/{rel}","templated":true}]}}