{"id":5690,"date":"2024-07-06T19:26:19","date_gmt":"2024-07-06T19:26:19","guid":{"rendered":"https:\/\/atv-tires.si\/izdelek\/kenda-bearclaw-htr\/"},"modified":"2024-07-06T19:26:19","modified_gmt":"2024-07-06T19:26:19","slug":"kenda-bearclaw-htr","status":"publish","type":"product","link":"https:\/\/atv-tires.si\/de\/izdelek\/kenda-bearclaw-htr\/","title":{"rendered":"KENDA BEARCLAW HTR"},"content":{"rendered":"<p>Der Kenda Bearclaw HTR ist der perfekte Reifen f\u00fcr extreme Bedingungen. Der 8-lagige Radialreifen bietet die h\u00f6chste Pannensicherheit. Er ist sowohl f\u00fcr ATV als auch f\u00fcr UTV geeignet, da er eine hohe Tragf\u00e4higkeit aufweist.  <\/p>\n<p>&nbsp;<\/p>\n<p>Einer der beliebtesten Reifen bei HUNT THE WOLF.<\/p>\n","protected":false},"excerpt":{"rendered":"<p>Der Kenda Bearclaw HTR ist der perfekte Reifen f\u00fcr extreme Bedingungen. Der 8-lagige Radialreifen bietet die h\u00f6chste Pannensicherheit. Er ist sowohl f\u00fcr ATV als auch f\u00fcr UTV geeignet, da er eine hohe Tragf\u00e4higkeit aufweist. &nbsp; Einer der beliebtesten Reifen bei HUNT THE WOLF.<\/p>\n","protected":false},"featured_media":1202,"comment_status":"open","ping_status":"closed","template":"","meta":[],"product_brand":[300],"product_cat":[359,358],"product_tag":[360,477,498,476,361,362],"class_list":{"0":"post-5690","1":"product","2":"type-product","3":"status-publish","4":"has-post-thumbnail","6":"product_brand-kenda","7":"product_cat-atv-utv-gummi","8":"product_cat-gummi","9":"product_tag-atv-pnevmatics-de","10":"product_tag-bearclaw-de","11":"product_tag-htr-de","12":"product_tag-kenda-de","13":"product_tag-off-road-reifen","14":"product_tag-utv-pneumatik","16":"first","17":"instock","18":"sale","19":"taxable","20":"shipping-taxable","21":"purchasable","22":"product-type-variable"},"_links":{"self":[{"href":"https:\/\/atv-tires.si\/de\/wp-json\/wp\/v2\/product\/5690","targetHints":{"allow":["GET"]}}],"collection":[{"href":"https:\/\/atv-tires.si\/de\/wp-json\/wp\/v2\/product"}],"about":[{"href":"https:\/\/atv-tires.si\/de\/wp-json\/wp\/v2\/types\/product"}],"replies":[{"embeddable":true,"href":"https:\/\/atv-tires.si\/de\/wp-json\/wp\/v2\/comments?post=5690"}],"wp:featuredmedia":[{"embeddable":true,"href":"https:\/\/atv-tires.si\/de\/wp-json\/wp\/v2\/media\/1202"}],"wp:attachment":[{"href":"https:\/\/atv-tires.si\/de\/wp-json\/wp\/v2\/media?parent=5690"}],"wp:term":[{"taxonomy":"product_brand","embeddable":true,"href":"https:\/\/atv-tires.si\/de\/wp-json\/wp\/v2\/product_brand?post=5690"},{"taxonomy":"product_cat","embeddable":true,"href":"https:\/\/atv-tires.si\/de\/wp-json\/wp\/v2\/product_cat?post=5690"},{"taxonomy":"product_tag","embeddable":true,"href":"https:\/\/atv-tires.si\/de\/wp-json\/wp\/v2\/product_tag?post=5690"}],"curies":[{"name":"wp","href":"https:\/\/api.w.org\/{rel}","templated":true}]}}