{"id":5669,"date":"2024-07-06T20:58:51","date_gmt":"2024-07-06T20:58:51","guid":{"rendered":"https:\/\/atv-tires.si\/izdelek\/kenda-kopfgeldjaeger-k537\/"},"modified":"2025-07-15T11:50:46","modified_gmt":"2025-07-15T11:50:46","slug":"kenda-kopfgeldjaeger-k537","status":"publish","type":"product","link":"https:\/\/atv-tires.si\/de\/izdelek\/kenda-kopfgeldjaeger-k537\/","title":{"rendered":"KENDA KOPFGELDJ\u00c4GER K537"},"content":{"rendered":"<p>Kenda Bounty Hunter K537 - erste Wahl f\u00fcr Hunt the Wolf. 8-lagiger Radialreifen, sehr pannensicher. Vor allem f\u00fcr weiches Terrain (Wald) oder extreme Fahrten empfohlen.   <\/p>\n","protected":false},"excerpt":{"rendered":"<p>Kenda Bounty Hunter K537 - erste Wahl f\u00fcr Hunt the Wolf. 8-lagiger Radialreifen, sehr pannensicher. Vor allem f\u00fcr weiches Terrain (Wald) oder extreme Fahrten empfohlen.<\/p>\n","protected":false},"featured_media":3220,"comment_status":"open","ping_status":"closed","template":"","meta":[],"product_brand":[300],"product_cat":[359,358],"product_tag":[360,488,489,476,361],"class_list":{"0":"post-5669","1":"product","2":"type-product","3":"status-publish","4":"has-post-thumbnail","6":"product_brand-kenda","7":"product_cat-atv-utv-gummi","8":"product_cat-gummi","9":"product_tag-atv-pnevmatics-de","10":"product_tag-bounty-hunter-de","11":"product_tag-k537-de","12":"product_tag-kenda-de","13":"product_tag-off-road-reifen","15":"first","16":"instock","17":"sale","18":"featured","19":"taxable","20":"shipping-taxable","21":"purchasable","22":"product-type-variable"},"_links":{"self":[{"href":"https:\/\/atv-tires.si\/de\/wp-json\/wp\/v2\/product\/5669","targetHints":{"allow":["GET"]}}],"collection":[{"href":"https:\/\/atv-tires.si\/de\/wp-json\/wp\/v2\/product"}],"about":[{"href":"https:\/\/atv-tires.si\/de\/wp-json\/wp\/v2\/types\/product"}],"replies":[{"embeddable":true,"href":"https:\/\/atv-tires.si\/de\/wp-json\/wp\/v2\/comments?post=5669"}],"wp:featuredmedia":[{"embeddable":true,"href":"https:\/\/atv-tires.si\/de\/wp-json\/wp\/v2\/media\/3220"}],"wp:attachment":[{"href":"https:\/\/atv-tires.si\/de\/wp-json\/wp\/v2\/media?parent=5669"}],"wp:term":[{"taxonomy":"product_brand","embeddable":true,"href":"https:\/\/atv-tires.si\/de\/wp-json\/wp\/v2\/product_brand?post=5669"},{"taxonomy":"product_cat","embeddable":true,"href":"https:\/\/atv-tires.si\/de\/wp-json\/wp\/v2\/product_cat?post=5669"},{"taxonomy":"product_tag","embeddable":true,"href":"https:\/\/atv-tires.si\/de\/wp-json\/wp\/v2\/product_tag?post=5669"}],"curies":[{"name":"wp","href":"https:\/\/api.w.org\/{rel}","templated":true}]}}