{"id":5628,"date":"2025-07-07T11:07:55","date_gmt":"2025-07-07T11:07:55","guid":{"rendered":"https:\/\/atv-tires.si\/izdelek\/cornelius\/"},"modified":"2025-09-17T09:37:49","modified_gmt":"2025-09-17T09:37:49","slug":"cornelius","status":"publish","type":"product","link":"https:\/\/atv-tires.si\/de\/izdelek\/cornelius\/","title":{"rendered":"OBOR CORNELIUS"},"content":{"rendered":"<p>Der OBOR Cornelius ist ein vielseitiger Reifen, der f\u00fcr ATV\/UTV und SxS-Fahrzeuge entwickelt wurde.<\/p>\n<p>\ud83d\udca1 Hauptmerkmale<\/p>\n<p>- Aggressives Profil: starke und tiefe Bl\u00f6cke f\u00fcr au\u00dfergew\u00f6hnlichen Grip in schlammigem, sandigem, felsigem und schwierigem Gel\u00e4nde. Ein grunds\u00e4tzlich langlebiger Reifen - langsamere Abnutzung. <\/p>\n<p>- Radialbauweise: bietet ein ruhigeres Fahrverhalten, schnelle Beschleunigung und zuverl\u00e4ssige Bremsen.<\/p>\n<p>- Verst\u00e4rkte \"Crown\"-Seitenw\u00e4nde: zus\u00e4tzlicher Schutz vor Durchstichen und Sch\u00e4den durch Seitenaufprall.<\/p>\n<p>- GNCC- erstklassiger Gummi: Cornelius hat sich bei GNCC-Offroad-Rennen als Sieger erwiesen.<\/p>\n<p>&nbsp;<\/p>\n","protected":false},"excerpt":{"rendered":"<p>Der perfekte All-Terrain-Reifen f\u00fcr ATV oder SxS. Der Cornelius hat ein einzigartiges, aggressives Profil, das Schmutz, Schlamm und Wurzeln abf\u00e4ngt.<\/p>\n","protected":false},"featured_media":6702,"comment_status":"open","ping_status":"closed","template":"","meta":[],"product_brand":[294],"product_cat":[359],"product_tag":[597],"class_list":{"0":"post-5628","1":"product","2":"type-product","3":"status-publish","4":"has-post-thumbnail","6":"product_brand-obor","7":"product_cat-atv-utv-gummi","8":"product_tag-bestseller-de","10":"first","11":"instock","12":"featured","13":"taxable","14":"shipping-taxable","15":"purchasable","16":"product-type-variable"},"_links":{"self":[{"href":"https:\/\/atv-tires.si\/de\/wp-json\/wp\/v2\/product\/5628","targetHints":{"allow":["GET"]}}],"collection":[{"href":"https:\/\/atv-tires.si\/de\/wp-json\/wp\/v2\/product"}],"about":[{"href":"https:\/\/atv-tires.si\/de\/wp-json\/wp\/v2\/types\/product"}],"replies":[{"embeddable":true,"href":"https:\/\/atv-tires.si\/de\/wp-json\/wp\/v2\/comments?post=5628"}],"wp:featuredmedia":[{"embeddable":true,"href":"https:\/\/atv-tires.si\/de\/wp-json\/wp\/v2\/media\/6702"}],"wp:attachment":[{"href":"https:\/\/atv-tires.si\/de\/wp-json\/wp\/v2\/media?parent=5628"}],"wp:term":[{"taxonomy":"product_brand","embeddable":true,"href":"https:\/\/atv-tires.si\/de\/wp-json\/wp\/v2\/product_brand?post=5628"},{"taxonomy":"product_cat","embeddable":true,"href":"https:\/\/atv-tires.si\/de\/wp-json\/wp\/v2\/product_cat?post=5628"},{"taxonomy":"product_tag","embeddable":true,"href":"https:\/\/atv-tires.si\/de\/wp-json\/wp\/v2\/product_tag?post=5628"}],"curies":[{"name":"wp","href":"https:\/\/api.w.org\/{rel}","templated":true}]}}