{"id":5612,"date":"2024-07-08T14:10:20","date_gmt":"2024-07-08T14:10:20","guid":{"rendered":"https:\/\/atv-tires.si\/izdelek\/bulldog-b3035\/"},"modified":"2025-09-22T12:03:07","modified_gmt":"2025-09-22T12:03:07","slug":"bulldog-b3035","status":"publish","type":"product","link":"https:\/\/atv-tires.si\/de\/izdelek\/bulldog-b3035\/","title":{"rendered":"BULLDOG B3035"},"content":{"rendered":"<p style=\"font-weight: 400;\">Bulldog B3035 - Radialer 6-lagiger Reifen, zugelassen f\u00fcr die Stra\u00dfe (E4). Ausgezeichnetes Handling bei hohen Geschwindigkeiten und beim Bremsen. Empfohlen f\u00fcr Asphalt und Makadam. Auch f\u00fcr UTV-Rennen geeignet. Ausgezeichnete Qualit\u00e4t zu einem sehr g\u00fcnstigen Preis.    <\/p>\n","protected":false},"excerpt":{"rendered":"<p>Bulldog B3035 - Radialer 6-lagiger Reifen, zugelassen f\u00fcr die Stra\u00dfe (E4). Ausgezeichnetes Handling bei hohen Geschwindigkeiten und beim Bremsen. Empfohlen f\u00fcr Asphalt und Makadam. Auch f\u00fcr UTV-Rennen geeignet. Ausgezeichnete Qualit\u00e4t zu einem sehr g\u00fcnstigen Preis.<\/p>\n","protected":false},"featured_media":3289,"comment_status":"open","ping_status":"closed","template":"","meta":[],"product_brand":[297],"product_cat":[359,358],"product_tag":[360,406,363,361,405,364],"class_list":{"0":"post-5612","1":"product","2":"type-product","3":"status-publish","4":"has-post-thumbnail","6":"product_brand-bulldog","7":"product_cat-atv-utv-gummi","8":"product_cat-gummi","9":"product_tag-atv-pnevmatics-de","10":"product_tag-b3035-de","11":"product_tag-bulldog-de","12":"product_tag-off-road-reifen","13":"product_tag-reifen","14":"product_tag-strassenreifen","16":"first","17":"instock","18":"taxable","19":"shipping-taxable","20":"purchasable","21":"product-type-variable"},"_links":{"self":[{"href":"https:\/\/atv-tires.si\/de\/wp-json\/wp\/v2\/product\/5612","targetHints":{"allow":["GET"]}}],"collection":[{"href":"https:\/\/atv-tires.si\/de\/wp-json\/wp\/v2\/product"}],"about":[{"href":"https:\/\/atv-tires.si\/de\/wp-json\/wp\/v2\/types\/product"}],"replies":[{"embeddable":true,"href":"https:\/\/atv-tires.si\/de\/wp-json\/wp\/v2\/comments?post=5612"}],"wp:featuredmedia":[{"embeddable":true,"href":"https:\/\/atv-tires.si\/de\/wp-json\/wp\/v2\/media\/3289"}],"wp:attachment":[{"href":"https:\/\/atv-tires.si\/de\/wp-json\/wp\/v2\/media?parent=5612"}],"wp:term":[{"taxonomy":"product_brand","embeddable":true,"href":"https:\/\/atv-tires.si\/de\/wp-json\/wp\/v2\/product_brand?post=5612"},{"taxonomy":"product_cat","embeddable":true,"href":"https:\/\/atv-tires.si\/de\/wp-json\/wp\/v2\/product_cat?post=5612"},{"taxonomy":"product_tag","embeddable":true,"href":"https:\/\/atv-tires.si\/de\/wp-json\/wp\/v2\/product_tag?post=5612"}],"curies":[{"name":"wp","href":"https:\/\/api.w.org\/{rel}","templated":true}]}}