{"id":5581,"date":"2024-07-08T21:12:08","date_gmt":"2024-07-08T21:12:08","guid":{"rendered":"https:\/\/atv-tires.si\/izdelek\/bulldog-b3036\/"},"modified":"2024-07-08T21:12:08","modified_gmt":"2024-07-08T21:12:08","slug":"bulldog-b3036","status":"publish","type":"product","link":"https:\/\/atv-tires.si\/de\/izdelek\/bulldog-b3036\/","title":{"rendered":"BULLDOG B3036"},"content":{"rendered":"<p>Bulldog B3036 - super pannensicherer 8-lagiger Radialreifen, geeignet f\u00fcr ATV, SSV und ATV. <\/p>\n<p>&nbsp;<\/p>\n<p>Zugelassen f\u00fcr den Stra\u00dfentransport (E4).<\/p>\n","protected":false},"excerpt":{"rendered":"<p>Bulldog B3036 - super pannensicherer 8-lagiger Radialreifen, geeignet f\u00fcr ATV, SSV und ATV. &nbsp; Zugelassen f\u00fcr den Stra\u00dfentransport (E4).<\/p>\n","protected":false},"featured_media":1303,"comment_status":"open","ping_status":"closed","template":"","meta":[],"product_brand":[297],"product_cat":[359,358],"product_tag":[360,385,363,386,362],"class_list":{"0":"post-5581","1":"product","2":"type-product","3":"status-publish","4":"has-post-thumbnail","6":"product_brand-bulldog","7":"product_cat-atv-utv-gummi","8":"product_cat-gummi","9":"product_tag-atv-pnevmatics-de","10":"product_tag-b3036-de","11":"product_tag-bulldog-de","12":"product_tag-ssv-pnevmatics-de","13":"product_tag-utv-pneumatik","15":"first","16":"instock","17":"taxable","18":"shipping-taxable","19":"purchasable","20":"product-type-variable"},"_links":{"self":[{"href":"https:\/\/atv-tires.si\/de\/wp-json\/wp\/v2\/product\/5581","targetHints":{"allow":["GET"]}}],"collection":[{"href":"https:\/\/atv-tires.si\/de\/wp-json\/wp\/v2\/product"}],"about":[{"href":"https:\/\/atv-tires.si\/de\/wp-json\/wp\/v2\/types\/product"}],"replies":[{"embeddable":true,"href":"https:\/\/atv-tires.si\/de\/wp-json\/wp\/v2\/comments?post=5581"}],"wp:featuredmedia":[{"embeddable":true,"href":"https:\/\/atv-tires.si\/de\/wp-json\/wp\/v2\/media\/1303"}],"wp:attachment":[{"href":"https:\/\/atv-tires.si\/de\/wp-json\/wp\/v2\/media?parent=5581"}],"wp:term":[{"taxonomy":"product_brand","embeddable":true,"href":"https:\/\/atv-tires.si\/de\/wp-json\/wp\/v2\/product_brand?post=5581"},{"taxonomy":"product_cat","embeddable":true,"href":"https:\/\/atv-tires.si\/de\/wp-json\/wp\/v2\/product_cat?post=5581"},{"taxonomy":"product_tag","embeddable":true,"href":"https:\/\/atv-tires.si\/de\/wp-json\/wp\/v2\/product_tag?post=5581"}],"curies":[{"name":"wp","href":"https:\/\/api.w.org\/{rel}","templated":true}]}}