{"id":5552,"date":"2024-07-09T09:55:15","date_gmt":"2024-07-09T09:55:15","guid":{"rendered":"https:\/\/atv-tires.si\/izdelek\/bulldog-b306\/"},"modified":"2024-07-09T09:55:15","modified_gmt":"2024-07-09T09:55:15","slug":"bulldog-b306","status":"publish","type":"product","link":"https:\/\/atv-tires.si\/de\/izdelek\/bulldog-b306\/","title":{"rendered":"Bulldog B306"},"content":{"rendered":"<p>Bulldog B306 - 4 Lagen Reifen f\u00fcr jedes Gel\u00e4nde, sehr erschwinglich und f\u00fcr die Stra\u00dfe zugelassen (E4).<\/p>\n","protected":false},"excerpt":{"rendered":"<p>Bulldog B306 - 4 Lagen Reifen f\u00fcr jedes Gel\u00e4nde, sehr erschwinglich und f\u00fcr die Stra\u00dfe zugelassen (E4).<\/p>\n","protected":false},"featured_media":1312,"comment_status":"open","ping_status":"closed","template":"","meta":[],"product_brand":[297],"product_cat":[359,358],"product_tag":[360,375,363,361],"class_list":{"0":"post-5552","1":"product","2":"type-product","3":"status-publish","4":"has-post-thumbnail","6":"product_brand-bulldog","7":"product_cat-atv-utv-gummi","8":"product_cat-gummi","9":"product_tag-atv-pnevmatics-de","10":"product_tag-b306-de","11":"product_tag-bulldog-de","12":"product_tag-off-road-reifen","14":"first","15":"onbackorder","16":"taxable","17":"shipping-taxable","18":"purchasable","19":"product-type-variable"},"_links":{"self":[{"href":"https:\/\/atv-tires.si\/de\/wp-json\/wp\/v2\/product\/5552","targetHints":{"allow":["GET"]}}],"collection":[{"href":"https:\/\/atv-tires.si\/de\/wp-json\/wp\/v2\/product"}],"about":[{"href":"https:\/\/atv-tires.si\/de\/wp-json\/wp\/v2\/types\/product"}],"replies":[{"embeddable":true,"href":"https:\/\/atv-tires.si\/de\/wp-json\/wp\/v2\/comments?post=5552"}],"wp:featuredmedia":[{"embeddable":true,"href":"https:\/\/atv-tires.si\/de\/wp-json\/wp\/v2\/media\/1312"}],"wp:attachment":[{"href":"https:\/\/atv-tires.si\/de\/wp-json\/wp\/v2\/media?parent=5552"}],"wp:term":[{"taxonomy":"product_brand","embeddable":true,"href":"https:\/\/atv-tires.si\/de\/wp-json\/wp\/v2\/product_brand?post=5552"},{"taxonomy":"product_cat","embeddable":true,"href":"https:\/\/atv-tires.si\/de\/wp-json\/wp\/v2\/product_cat?post=5552"},{"taxonomy":"product_tag","embeddable":true,"href":"https:\/\/atv-tires.si\/de\/wp-json\/wp\/v2\/product_tag?post=5552"}],"curies":[{"name":"wp","href":"https:\/\/api.w.org\/{rel}","templated":true}]}}