{"id":5534,"date":"2024-07-08T20:48:49","date_gmt":"2024-07-08T20:48:49","guid":{"rendered":"https:\/\/atv-tires.si\/izdelek\/bulldog-b330\/"},"modified":"2024-07-08T20:48:49","modified_gmt":"2024-07-08T20:48:49","slug":"bulldog-b330","status":"publish","type":"product","link":"https:\/\/atv-tires.si\/de\/izdelek\/bulldog-b330\/","title":{"rendered":"BULLDOG B330"},"content":{"rendered":"<p>bULLDOG B330 - 6-lagiger Reifen zu einem g\u00fcnstigen Preis. Entwickelt f\u00fcr alle Arten von Terrain. Er zeigt auch im Schlamm eine hervorragende Leistung, da er \u00fcber ausgezeichnete Selbstreinigungseigenschaften verf\u00fcgt.  <\/p>\n<p>&nbsp;<\/p>\n<p>Zugelassen f\u00fcr den Stra\u00dfentransport (E4).<\/p>\n","protected":false},"excerpt":{"rendered":"<p>bULLDOG B330 - 6-lagiger Reifen zu einem g\u00fcnstigen Preis. Entwickelt f\u00fcr alle Arten von Terrain. Er zeigt auch im Schlamm eine hervorragende Leistung, da er \u00fcber ausgezeichnete Selbstreinigungseigenschaften verf\u00fcgt. &nbsp; Zugelassen f\u00fcr den Stra\u00dfentransport (E4).<\/p>\n","protected":false},"featured_media":1295,"comment_status":"open","ping_status":"closed","template":"","meta":[],"product_brand":[297],"product_cat":[359,358],"product_tag":[360,368,363,361],"class_list":{"0":"post-5534","1":"product","2":"type-product","3":"status-publish","4":"has-post-thumbnail","6":"product_brand-bulldog","7":"product_cat-atv-utv-gummi","8":"product_cat-gummi","9":"product_tag-atv-pnevmatics-de","10":"product_tag-b330-de","11":"product_tag-bulldog-de","12":"product_tag-off-road-reifen","14":"first","15":"instock","16":"taxable","17":"shipping-taxable","18":"purchasable","19":"product-type-variable"},"_links":{"self":[{"href":"https:\/\/atv-tires.si\/de\/wp-json\/wp\/v2\/product\/5534","targetHints":{"allow":["GET"]}}],"collection":[{"href":"https:\/\/atv-tires.si\/de\/wp-json\/wp\/v2\/product"}],"about":[{"href":"https:\/\/atv-tires.si\/de\/wp-json\/wp\/v2\/types\/product"}],"replies":[{"embeddable":true,"href":"https:\/\/atv-tires.si\/de\/wp-json\/wp\/v2\/comments?post=5534"}],"wp:featuredmedia":[{"embeddable":true,"href":"https:\/\/atv-tires.si\/de\/wp-json\/wp\/v2\/media\/1295"}],"wp:attachment":[{"href":"https:\/\/atv-tires.si\/de\/wp-json\/wp\/v2\/media?parent=5534"}],"wp:term":[{"taxonomy":"product_brand","embeddable":true,"href":"https:\/\/atv-tires.si\/de\/wp-json\/wp\/v2\/product_brand?post=5534"},{"taxonomy":"product_cat","embeddable":true,"href":"https:\/\/atv-tires.si\/de\/wp-json\/wp\/v2\/product_cat?post=5534"},{"taxonomy":"product_tag","embeddable":true,"href":"https:\/\/atv-tires.si\/de\/wp-json\/wp\/v2\/product_tag?post=5534"}],"curies":[{"name":"wp","href":"https:\/\/api.w.org\/{rel}","templated":true}]}}