{"id":5522,"date":"2024-07-08T14:33:47","date_gmt":"2024-07-08T14:33:47","guid":{"rendered":"https:\/\/atv-tires.si\/izdelek\/bulldog-b350\/"},"modified":"2025-09-18T12:19:34","modified_gmt":"2025-09-18T12:19:34","slug":"bulldog-b350","status":"publish","type":"product","link":"https:\/\/atv-tires.si\/de\/izdelek\/bulldog-b350\/","title":{"rendered":"BULLDOG B350"},"content":{"rendered":"<p>Bulldog B350 - 6-lagiger Gel\u00e4ndereifen, ATV\/UTV-Reifen, hervorragende Selbstreinigungseigenschaften, au\u00dfergew\u00f6hnlich gute Tragf\u00e4higkeit und guter Preis.<\/p>\n<p>Stra\u00dfenzulassung (E4)<\/p>\n<p style=\"font-weight: 400;\">\n","protected":false},"excerpt":{"rendered":"<p>Bulldog B350 - 6-lagiger Gel\u00e4ndereifen, ATV\/UTV-Reifen, hervorragende Selbstreinigungseigenschaften, au\u00dfergew\u00f6hnlich gute Tragf\u00e4higkeit und guter Preis. Stra\u00dfenzulassung (E4)<\/p>\n","protected":false},"featured_media":6727,"comment_status":"open","ping_status":"closed","template":"","meta":[],"product_brand":[297],"product_cat":[359,358],"product_tag":[360,365,597,363,361,364,362],"class_list":{"0":"post-5522","1":"product","2":"type-product","3":"status-publish","4":"has-post-thumbnail","6":"product_brand-bulldog","7":"product_cat-atv-utv-gummi","8":"product_cat-gummi","9":"product_tag-atv-pnevmatics-de","10":"product_tag-b350-de","11":"product_tag-bestseller-de","12":"product_tag-bulldog-de","13":"product_tag-off-road-reifen","14":"product_tag-strassenreifen","15":"product_tag-utv-pneumatik","17":"first","18":"instock","19":"taxable","20":"shipping-taxable","21":"purchasable","22":"product-type-variable"},"_links":{"self":[{"href":"https:\/\/atv-tires.si\/de\/wp-json\/wp\/v2\/product\/5522","targetHints":{"allow":["GET"]}}],"collection":[{"href":"https:\/\/atv-tires.si\/de\/wp-json\/wp\/v2\/product"}],"about":[{"href":"https:\/\/atv-tires.si\/de\/wp-json\/wp\/v2\/types\/product"}],"replies":[{"embeddable":true,"href":"https:\/\/atv-tires.si\/de\/wp-json\/wp\/v2\/comments?post=5522"}],"wp:featuredmedia":[{"embeddable":true,"href":"https:\/\/atv-tires.si\/de\/wp-json\/wp\/v2\/media\/6727"}],"wp:attachment":[{"href":"https:\/\/atv-tires.si\/de\/wp-json\/wp\/v2\/media?parent=5522"}],"wp:term":[{"taxonomy":"product_brand","embeddable":true,"href":"https:\/\/atv-tires.si\/de\/wp-json\/wp\/v2\/product_brand?post=5522"},{"taxonomy":"product_cat","embeddable":true,"href":"https:\/\/atv-tires.si\/de\/wp-json\/wp\/v2\/product_cat?post=5522"},{"taxonomy":"product_tag","embeddable":true,"href":"https:\/\/atv-tires.si\/de\/wp-json\/wp\/v2\/product_tag?post=5522"}],"curies":[{"name":"wp","href":"https:\/\/api.w.org\/{rel}","templated":true}]}}