{"id":5487,"date":"2025-07-07T11:17:36","date_gmt":"2025-07-07T11:17:36","guid":{"rendered":"https:\/\/atv-tires.si\/rueckgabe-von-waren\/"},"modified":"2025-07-09T10:23:26","modified_gmt":"2025-07-09T10:23:26","slug":"rueckgabe-von-waren","status":"publish","type":"page","link":"https:\/\/atv-tires.si\/de\/rueckgabe-von-waren\/","title":{"rendered":"R\u00fcckgabe von Waren"},"content":{"rendered":"\t\t<div data-elementor-type=\"wp-page\" data-elementor-id=\"5487\" class=\"elementor elementor-5487 elementor-2686\" data-elementor-post-type=\"page\">\n\t\t\t\t<div class=\"elementor-element elementor-element-9ae01cc e-flex e-con-boxed e-con e-parent\" data-id=\"9ae01cc\" data-element_type=\"container\" data-e-type=\"container\" data-settings=\"{&quot;background_background&quot;:&quot;classic&quot;}\">\n\t\t\t\t\t<div class=\"e-con-inner\">\n\t\t\t\t<div class=\"elementor-element elementor-element-e8a9762 elementor-widget elementor-widget-spacer\" data-id=\"e8a9762\" data-element_type=\"widget\" data-e-type=\"widget\" data-widget_type=\"spacer.default\">\n\t\t\t\t<div class=\"elementor-widget-container\">\n\t\t\t\t\t\t\t<div class=\"elementor-spacer\">\n\t\t\t<div class=\"elementor-spacer-inner\"><\/div>\n\t\t<\/div>\n\t\t\t\t\t\t<\/div>\n\t\t\t\t<\/div>\n\t\t\t\t<div class=\"elementor-element elementor-element-09589af elementor-widget elementor-widget-heading\" data-id=\"09589af\" data-element_type=\"widget\" data-e-type=\"widget\" data-widget_type=\"heading.default\">\n\t\t\t\t<div class=\"elementor-widget-container\">\n\t\t\t\t\t<h1 class=\"elementor-heading-title elementor-size-default\">R\u00fcckgabe von Waren<\/h1>\t\t\t\t<\/div>\n\t\t\t\t<\/div>\n\t\t\t\t\t<\/div>\n\t\t\t\t<\/div>\n\t\t<div class=\"elementor-element elementor-element-dc26687 e-flex e-con-boxed e-con e-parent\" data-id=\"dc26687\" data-element_type=\"container\" data-e-type=\"container\">\n\t\t\t\t\t<div class=\"e-con-inner\">\n\t\t\t\t<div class=\"elementor-element elementor-element-072c766 elementor-widget elementor-widget-text-editor\" data-id=\"072c766\" data-element_type=\"widget\" data-e-type=\"widget\" data-widget_type=\"text-editor.default\">\n\t\t\t\t<div class=\"elementor-widget-container\">\n\t\t\t\t\t\t\t\t\t<h4>1. das Widerrufsrecht<\/h4><p>Der K\u00e4ufer, der ein Verbraucher ist (eine nat\u00fcrliche Person, die die Ware zu einem Zweck erwirbt, der nicht ihrer beruflichen oder gewerblichen T\u00e4tigkeit zugerechnet werden kann), hat das Recht, innerhalb von 14 Tagen nach Erhalt der Ware schriftlich und ohne Angabe von Gr\u00fcnden vom Vertrag zur\u00fcckzutreten.<\/p><p>Die Frist beginnt am Tag nach dem Tag, an dem der K\u00e4ufer das Produkt erh\u00e4lt.<\/p><h4>2. das Erstattungsverfahren<\/h4><p>Um von Ihrem Widerrufsrecht Gebrauch zu machen, senden Sie uns bitte eine eindeutige Erkl\u00e4rung an unsere E-Mail-Adresse: <strong><a href=\"mailto:info@mausser.net\">info@mausser.net<\/a><\/strong><\/p><p>Bitte geben Sie in Ihrer Nachricht an:<\/p><ul><li>die Bestellnummer,<\/li><li>Name und Nachname,<\/li><li>Kontaktangaben<\/li><li>Details zu dem Produkt, das Sie zur\u00fcckgeben.<\/li><\/ul><p><br>Sie m\u00fcssen die Waren innerhalb von 14 Tagen ab dem Datum der Mitteilung \u00fcber den Widerruf zur\u00fccksenden. Sie haben die Waren rechtzeitig zur\u00fcckgesandt, wenn Sie sie vor Ablauf der 14-t\u00e4gigen Frist zur\u00fccksenden. <\/p><h4>3. die Bedingungen f\u00fcr die R\u00fcckgabe von Reifen<\/h4><p>Die Reifen m\u00fcssen sein:<\/p><ul><li>unbenutzt,<\/li><li>unbesch\u00e4digt,<\/li><li>in seinem urspr\u00fcnglichen Zustand,<\/li><li>mit allen beigef\u00fcgten Dokumenten (falls vorhanden).<\/li><\/ul><p><br>Wenn die Reifen bereits montiert wurden oder Gebrauchsspuren aufweisen, ist keine R\u00fcckerstattung m\u00f6glich, es sei denn, es handelt sich um einen Garantiefall oder einen Materialfehler.<\/p><h4>4. die Erstattungskosten<\/h4><p>Der K\u00e4ufer tr\u00e4gt die Kosten f\u00fcr die R\u00fccksendung der Waren, es sei denn, es wurde etwas anderes vereinbart oder das Produkt wurde durch unser Verschulden besch\u00e4digt oder falsch geliefert. <\/p><h4>5. die R\u00fcckerstattung des Kaufpreises<\/h4><p>Wir erstatten Ihnen den Kaufpreis innerhalb von 14 Tagen nach Erhalt der Widerrufserkl\u00e4rung. Wir behalten uns jedoch das Recht vor, die Erstattung zur\u00fcckzuhalten, bis wir die zur\u00fcckgesendeten Waren erhalten haben oder bis wir den Nachweis erhalten haben, dass Sie die Waren zur\u00fcckgesendet haben.<\/p><p>Der Kaufpreis wird auf demselben Weg zur\u00fcckerstattet, auf dem die Zahlung erfolgt ist, es sei denn, der K\u00e4ufer w\u00fcnscht ausdr\u00fccklich etwas anderes.<\/p><h4>6. materieller Mangel oder Reklamation<\/h4><p>Wenn der Kunde bei Erhalt feststellt, dass die Reifen besch\u00e4digt, fehlerhaft oder defekt sind, muss er uns sofort informieren und Fotos des Mangels beif\u00fcgen.<\/p><p>Im Falle eines faktischen Fehlers werden wir:<\/p><ul><li>das Produkt zu ersetzen,<\/li><li>die Behebung des Fehlers, oder<\/li><li>R\u00fcckerstattung des Kaufpreises.<\/li><\/ul><h4>7 Ausnahmen von der Erstattungsm\u00f6glichkeit<\/h4><p>Keine R\u00fcckerstattung f\u00fcr Reifen, die bereits benutzt wurden:<\/p><ul><li>kundenspezifische Bestellungen (Sonderbestellungen),<\/li><li>verwendet oder installiert,<\/li><li>nach der Annahme mechanisch besch\u00e4digt werden.<\/li><\/ul><p><br>F\u00fcr weitere Fragen, kontaktieren Sie uns bitte per E-Mail <strong><a href=\"mailto:info@mausser.net\">info@mausser.net<\/a><\/strong> oder unter der Telefonnummer <strong><a href=\"Tel:+386%2051%20628%20845\">+386 (0)51 628 845<\/a><\/strong>.<\/p>\t\t\t\t\t\t\t\t<\/div>\n\t\t\t\t<\/div>\n\t\t\t\t\t<\/div>\n\t\t\t\t<\/div>\n\t\t\t\t<\/div>\n\t\t","protected":false},"excerpt":{"rendered":"<p>1. das Widerrufsrecht Der K\u00e4ufer, der ein Verbraucher ist (eine nat\u00fcrliche Person, die die Ware zu einem Zweck erwirbt, der nicht ihrer beruflichen oder gewerblichen T\u00e4tigkeit zugerechnet werden kann), hat das Recht, innerhalb von 14 Tagen nach Erhalt der Ware schriftlich und ohne Angabe von Gr\u00fcnden vom Vertrag zur\u00fcckzutreten. Die Frist beginnt am Tag nach [&hellip;]<\/p>\n","protected":false},"author":1,"featured_media":0,"parent":0,"menu_order":0,"comment_status":"closed","ping_status":"closed","template":"elementor_header_footer","meta":{"footnotes":""},"class_list":["post-5487","page","type-page","status-publish","hentry"],"_links":{"self":[{"href":"https:\/\/atv-tires.si\/de\/wp-json\/wp\/v2\/pages\/5487","targetHints":{"allow":["GET"]}}],"collection":[{"href":"https:\/\/atv-tires.si\/de\/wp-json\/wp\/v2\/pages"}],"about":[{"href":"https:\/\/atv-tires.si\/de\/wp-json\/wp\/v2\/types\/page"}],"author":[{"embeddable":true,"href":"https:\/\/atv-tires.si\/de\/wp-json\/wp\/v2\/users\/1"}],"replies":[{"embeddable":true,"href":"https:\/\/atv-tires.si\/de\/wp-json\/wp\/v2\/comments?post=5487"}],"version-history":[{"count":3,"href":"https:\/\/atv-tires.si\/de\/wp-json\/wp\/v2\/pages\/5487\/revisions"}],"predecessor-version":[{"id":6060,"href":"https:\/\/atv-tires.si\/de\/wp-json\/wp\/v2\/pages\/5487\/revisions\/6060"}],"wp:attachment":[{"href":"https:\/\/atv-tires.si\/de\/wp-json\/wp\/v2\/media?parent=5487"}],"curies":[{"name":"wp","href":"https:\/\/api.w.org\/{rel}","templated":true}]}}