{"id":2702,"date":"2024-04-25T08:39:31","date_gmt":"2024-04-25T08:39:31","guid":{"rendered":"https:\/\/atv-tires.si\/warenkorb\/"},"modified":"2025-07-09T10:22:20","modified_gmt":"2025-07-09T10:22:20","slug":"warenkorb","status":"publish","type":"page","link":"https:\/\/atv-tires.si\/de\/warenkorb\/","title":{"rendered":"Warenkorb"},"content":{"rendered":"\t\t<div data-elementor-type=\"wp-page\" data-elementor-id=\"2702\" class=\"elementor elementor-2702 elementor-108\" data-elementor-post-type=\"page\">\n\t\t\t\t<div class=\"elementor-element elementor-element-5c81518f e-flex e-con-boxed e-con e-parent\" data-id=\"5c81518f\" data-element_type=\"container\" data-e-type=\"container\" data-settings=\"{&quot;background_background&quot;:&quot;classic&quot;}\">\n\t\t\t\t\t<div class=\"e-con-inner\">\n\t\t\t\t<div class=\"elementor-element elementor-element-50d9262e elementor-widget elementor-widget-heading\" data-id=\"50d9262e\" data-element_type=\"widget\" data-e-type=\"widget\" data-widget_type=\"heading.default\">\n\t\t\t\t<div class=\"elementor-widget-container\">\n\t\t\t\t\t<h2 class=\"elementor-heading-title elementor-size-default\">Ko\u0161arica<\/h2>\t\t\t\t<\/div>\n\t\t\t\t<\/div>\n\t\t\t\t\t<\/div>\n\t\t\t\t<\/div>\n\t\t<div class=\"elementor-element elementor-element-4934c891 e-flex e-con-boxed e-con e-parent\" data-id=\"4934c891\" data-element_type=\"container\" data-e-type=\"container\">\n\t\t\t\t\t<div class=\"e-con-inner\">\n\t\t\t\t\t<\/div>\n\t\t\t\t<\/div>\n\t\t\t\t<\/div>\n\t\t","protected":false},"excerpt":{"rendered":"<p>Ko\u0161arica Odstrani predmet Predogledna sli\u010dica Izdelek Cena Koli\u010dina Delni znesek &times; DUNLOP MX34 100\/90-19 78,00&nbsp;&euro; DUNLOP MX34 100\/90-19&nbsp; koli\u010dina 78,00&nbsp;&euro; Skupaj v ko\u0161arici Delni znesek 78,00&nbsp;&euro; Dostava Dostava po po\u0161ti: 4,88&nbsp;&euro; Prevzem v podjetju Mo\u017enosti dostave bodo posodobljene ob zaklju\u010dku nakupa. Izra\u010dunajte dostavo Dr\u017eava \/ regija Izberi dr\u017eavo \/ regijo&hellip;Afganistan\u00c5land IslandsAlbanijaAl\u017eirijaAmeri\u0161ka SamoaAndoraAngolaAngvilaAntarktikaAntigva in BarbudaArgentinaArmenijaArubaAvstralijaAvstrijaAzerbajd\u017eanBahamiBahrajnBanglade\u0161BarbadosBelauBelgijaBelizeBelorusijaBeninBermudiBocvanaBolgarijaBolivijaBonaire, Saint [&hellip;]<\/p>\n","protected":false},"author":1,"featured_media":0,"parent":0,"menu_order":0,"comment_status":"closed","ping_status":"closed","template":"elementor_header_footer","meta":{"footnotes":""},"class_list":["post-2702","page","type-page","status-publish","hentry"],"_links":{"self":[{"href":"https:\/\/atv-tires.si\/de\/wp-json\/wp\/v2\/pages\/2702","targetHints":{"allow":["GET"]}}],"collection":[{"href":"https:\/\/atv-tires.si\/de\/wp-json\/wp\/v2\/pages"}],"about":[{"href":"https:\/\/atv-tires.si\/de\/wp-json\/wp\/v2\/types\/page"}],"author":[{"embeddable":true,"href":"https:\/\/atv-tires.si\/de\/wp-json\/wp\/v2\/users\/1"}],"replies":[{"embeddable":true,"href":"https:\/\/atv-tires.si\/de\/wp-json\/wp\/v2\/comments?post=2702"}],"version-history":[{"count":3,"href":"https:\/\/atv-tires.si\/de\/wp-json\/wp\/v2\/pages\/2702\/revisions"}],"predecessor-version":[{"id":6050,"href":"https:\/\/atv-tires.si\/de\/wp-json\/wp\/v2\/pages\/2702\/revisions\/6050"}],"wp:attachment":[{"href":"https:\/\/atv-tires.si\/de\/wp-json\/wp\/v2\/media?parent=2702"}],"curies":[{"name":"wp","href":"https:\/\/api.w.org\/{rel}","templated":true}]}}