{"id":7114,"date":"2026-05-01T09:37:15","date_gmt":"2026-05-01T09:37:15","guid":{"rendered":"https:\/\/atv-tires.si\/?post_type=product&#038;p=7114"},"modified":"2026-05-01T09:37:15","modified_gmt":"2026-05-01T09:37:15","slug":"wanda-p3035","status":"publish","type":"product","link":"https:\/\/atv-tires.si\/bs\/izdelek\/wanda-p3035\/","title":{"rendered":"WANDA P3035"},"content":{"rendered":"<p>WANDA P3035 \u2013 Radialna 6 plastna pnevmatika, homologirana za cestni promet (E4). Odli\u010dno vodljiva pri visokih hitrostih ter pri zaviranju. Priporo\u010damo jo za asfalt ter makedam kjer pnevmatika zablesti. Primerna tudi za vo\u017enjo po terenu, manj dobra v blatu. Primerna je tudi za UTV vozila. Odli\u010dna kvaliteta po zelo dostopni ceni.<\/p>\n","protected":false},"excerpt":{"rendered":"<p>WANDA P3035 \u2013 Radialna 6 plastna pnevmatika, homologirana za cestni promet (E4). Odli\u010dno vodljiva pri visokih hitrostih ter pri zaviranju. Priporo\u010damo jo za asfalt ter makedam kjer pnevmatika zablesti. Primerna tudi za vo\u017enjo po terenu, manj dobra v blatu. Primerna je tudi za UTV vozila. Odli\u010dna kvaliteta po zelo dostopni ceni.<\/p>\n","protected":false},"featured_media":7119,"comment_status":"open","ping_status":"closed","template":"","meta":[],"product_brand":[295],"product_cat":[36],"product_tag":[756,769,688],"class_list":{"0":"post-7114","1":"product","2":"type-product","3":"status-publish","4":"has-post-thumbnail","6":"product_brand-wanda","7":"product_cat-gume","8":"product_tag-makadam-asfalt","9":"product_tag-p3035","10":"product_tag-wanda","12":"first","13":"instock","14":"taxable","15":"shipping-taxable","16":"purchasable","17":"product-type-variable"},"_links":{"self":[{"href":"https:\/\/atv-tires.si\/bs\/wp-json\/wp\/v2\/product\/7114","targetHints":{"allow":["GET"]}}],"collection":[{"href":"https:\/\/atv-tires.si\/bs\/wp-json\/wp\/v2\/product"}],"about":[{"href":"https:\/\/atv-tires.si\/bs\/wp-json\/wp\/v2\/types\/product"}],"replies":[{"embeddable":true,"href":"https:\/\/atv-tires.si\/bs\/wp-json\/wp\/v2\/comments?post=7114"}],"wp:featuredmedia":[{"embeddable":true,"href":"https:\/\/atv-tires.si\/bs\/wp-json\/wp\/v2\/media\/7119"}],"wp:attachment":[{"href":"https:\/\/atv-tires.si\/bs\/wp-json\/wp\/v2\/media?parent=7114"}],"wp:term":[{"taxonomy":"product_brand","embeddable":true,"href":"https:\/\/atv-tires.si\/bs\/wp-json\/wp\/v2\/product_brand?post=7114"},{"taxonomy":"product_cat","embeddable":true,"href":"https:\/\/atv-tires.si\/bs\/wp-json\/wp\/v2\/product_cat?post=7114"},{"taxonomy":"product_tag","embeddable":true,"href":"https:\/\/atv-tires.si\/bs\/wp-json\/wp\/v2\/product_tag?post=7114"}],"curies":[{"name":"wp","href":"https:\/\/api.w.org\/{rel}","templated":true}]}}