{"id":6970,"date":"2026-02-06T21:39:36","date_gmt":"2026-02-06T21:39:36","guid":{"rendered":"https:\/\/atv-tires.si\/?post_type=product&#038;p=6970"},"modified":"2026-02-06T21:40:26","modified_gmt":"2026-02-06T21:40:26","slug":"obor-bison","status":"publish","type":"product","link":"https:\/\/atv-tires.si\/bs\/izdelek\/obor-bison\/","title":{"rendered":"OBOR BISON"},"content":{"rendered":"<p>Pnevmatike Bison za UTV in ATV vozila znamke OBOR so zasnovane za vrhunsko terensko zmogljivost, zaradi \u010desar so odli\u010dna izbira tako za pustolovske voznike kot za delovne posameznike. Te 6-plastne pnevmatike so izdelane tako, da prenesejo te\u017eke razmere in zagotavljajo dolgotrajno vzdr\u017eljivost in zanesljivost na vsakem terenu.<\/p>\n<p>&nbsp;<\/p>\n<p>Priporo\u010damo:<\/p>\n<ul>\n<li>Vo\u017enja po makadamu \/ terenu \/ asfaltu<\/li>\n<li>Slab\u0161i oprijem v blatu \/ snegu<\/li>\n<\/ul>\n","protected":false},"excerpt":{"rendered":"<p>Pnevmatike Bison za UTV in ATV vozila znamke OBOR so zasnovane za vrhunsko terensko zmogljivost, zaradi \u010desar so odli\u010dna izbira tako za pustolovske voznike kot za delovne posameznike. Te 6-plastne pnevmatike so izdelane tako, da prenesejo te\u017eke razmere in zagotavljajo dolgotrajno vzdr\u017eljivost in zanesljivost na vsakem terenu. &nbsp; Priporo\u010damo: Vo\u017enja po makadamu \/ terenu \/ [&hellip;]<\/p>\n","protected":false},"featured_media":6975,"comment_status":"open","ping_status":"closed","template":"","meta":[],"product_brand":[294],"product_cat":[302,36],"product_tag":[753,756,722,754,755],"class_list":{"0":"post-6970","1":"product","2":"type-product","3":"status-publish","4":"has-post-thumbnail","6":"product_brand-obor","7":"product_cat-atv-utv-gume","8":"product_cat-gume","9":"product_tag-bison","10":"product_tag-makadam-asfalt","11":"product_tag-obor","12":"product_tag-wu21","13":"product_tag-wu22","15":"first","16":"outofstock","17":"taxable","18":"shipping-taxable","19":"purchasable","20":"product-type-variable"},"_links":{"self":[{"href":"https:\/\/atv-tires.si\/bs\/wp-json\/wp\/v2\/product\/6970","targetHints":{"allow":["GET"]}}],"collection":[{"href":"https:\/\/atv-tires.si\/bs\/wp-json\/wp\/v2\/product"}],"about":[{"href":"https:\/\/atv-tires.si\/bs\/wp-json\/wp\/v2\/types\/product"}],"replies":[{"embeddable":true,"href":"https:\/\/atv-tires.si\/bs\/wp-json\/wp\/v2\/comments?post=6970"}],"wp:featuredmedia":[{"embeddable":true,"href":"https:\/\/atv-tires.si\/bs\/wp-json\/wp\/v2\/media\/6975"}],"wp:attachment":[{"href":"https:\/\/atv-tires.si\/bs\/wp-json\/wp\/v2\/media?parent=6970"}],"wp:term":[{"taxonomy":"product_brand","embeddable":true,"href":"https:\/\/atv-tires.si\/bs\/wp-json\/wp\/v2\/product_brand?post=6970"},{"taxonomy":"product_cat","embeddable":true,"href":"https:\/\/atv-tires.si\/bs\/wp-json\/wp\/v2\/product_cat?post=6970"},{"taxonomy":"product_tag","embeddable":true,"href":"https:\/\/atv-tires.si\/bs\/wp-json\/wp\/v2\/product_tag?post=6970"}],"curies":[{"name":"wp","href":"https:\/\/api.w.org\/{rel}","templated":true}]}}