{"id":6579,"date":"2025-09-17T10:21:02","date_gmt":"2025-09-17T10:21:02","guid":{"rendered":"https:\/\/atv-tires.si\/izdelek\/wanda-p390\/"},"modified":"2025-09-18T11:47:35","modified_gmt":"2025-09-18T11:47:35","slug":"wanda-p390","status":"publish","type":"product","link":"https:\/\/atv-tires.si\/bs\/izdelek\/wanda-p390\/","title":{"rendered":"WANDA P390"},"content":{"rendered":"<p data-start=\"2161\" data-end=\"2437\"><strong data-start=\"2161\" data-end=\"2175\">WANDA P390<\/strong> je pouzdana i izdr\u017eljiva ATV\/UTV guma pogodna za \u0161irok spektar korisnika. Nudi dobro prianjanje, sigurnu vo\u017enju u raznim uslovima i pristupa\u010dna je cijena. Sa odli\u010dnim samo\u010di\u0161\u0107enjem i oja\u010danjima na ramenima, odli\u010dan je izbor za sve vrste terena.  <\/p>\n<h2 data-start=\"384\" data-end=\"407\">\ud83d\udd27 Klju\u010dne karakteristike<\/h2>\n<ul data-start=\"409\" data-end=\"844\">\n<li data-start=\"409\" data-end=\"547\">\n<p data-start=\"411\" data-end=\"547\"><strong data-start=\"411\" data-end=\"438\">Neusmjereni profil (gaze\u0107i sloj)<\/strong> : omogu\u0107ava monta\u017eu s obje strane i osigurava odli\u010dno samo\u010di\u0161\u0107enje u blatu, pijesku, kamenju i tvrdom tlu.<\/p>\n<\/li>\n<li data-start=\"548\" data-end=\"640\">\n<p data-start=\"550\" data-end=\"640\"><strong data-start=\"550\" data-end=\"569\">6 PR (6 slojeva)<\/strong> : oja\u010dana konstrukcija za ve\u0107u izdr\u017eljivost i otpornost na probijanje.<\/p>\n<\/li>\n<li data-start=\"641\" data-end=\"761\">\n<p data-start=\"643\" data-end=\"761\"><strong data-start=\"643\" data-end=\"664\">Pobolj\u0161ano prianjanje<\/strong> : ivice ramena sa izra\u017eenim \"izbo\u010dinama\" za bolje prianjanje u krivinama i za\u0161titu bo\u010dnih zidova gume.<\/p>\n<\/li>\n<li data-start=\"762\" data-end=\"844\">\n<p data-start=\"764\" data-end=\"844\"><strong data-start=\"764\" data-end=\"786\">Lagana konstrukcija<\/strong> : pobolj\u0161ava upravljanje, ubrzanje i agilnost u terenskim uslovima.<\/p>\n<\/li>\n<\/ul>\n","protected":false},"excerpt":{"rendered":"<p>WANDA P390 je pouzdana i izdr\u017eljiva ATV\/UTV guma pogodna za \u0161irok spektar korisnika. Nudi dobro prianjanje, sigurnu vo\u017enju u raznim uslovima i pristupa\u010dna je cijena. Sa odli\u010dnim samo\u010di\u0161\u0107enjem i oja\u010danjima na ramenima, odli\u010dan je izbor za sve vrste terena. \ud83d\udd27 Klju\u010dne karakteristike Neusmjereni profil (gaze\u0107i sloj) : omogu\u0107ava monta\u017eu s obje strane i osigurava odli\u010dno [&hellip;]<\/p>\n","protected":false},"featured_media":6694,"comment_status":"open","ping_status":"closed","template":"","meta":[],"product_brand":[295],"product_cat":[606,605],"product_tag":[614,730,613,697,615,696],"class_list":{"0":"post-6579","1":"product","2":"type-product","3":"status-publish","4":"has-post-thumbnail","6":"product_brand-wanda","7":"product_cat-gume-bs","8":"product_cat-gume-za-atv-utv-vozila-bs","9":"product_tag-atv-pnevmatike-bs","10":"product_tag-atv-utv-bs","11":"product_tag-bestseler-bs","12":"product_tag-p390-bs","13":"product_tag-terenske-pnevmatike-bs","14":"product_tag-wanda-bs","16":"first","17":"instock","18":"featured","19":"taxable","20":"shipping-taxable","21":"purchasable","22":"product-type-variable"},"_links":{"self":[{"href":"https:\/\/atv-tires.si\/bs\/wp-json\/wp\/v2\/product\/6579","targetHints":{"allow":["GET"]}}],"collection":[{"href":"https:\/\/atv-tires.si\/bs\/wp-json\/wp\/v2\/product"}],"about":[{"href":"https:\/\/atv-tires.si\/bs\/wp-json\/wp\/v2\/types\/product"}],"replies":[{"embeddable":true,"href":"https:\/\/atv-tires.si\/bs\/wp-json\/wp\/v2\/comments?post=6579"}],"wp:featuredmedia":[{"embeddable":true,"href":"https:\/\/atv-tires.si\/bs\/wp-json\/wp\/v2\/media\/6694"}],"wp:attachment":[{"href":"https:\/\/atv-tires.si\/bs\/wp-json\/wp\/v2\/media?parent=6579"}],"wp:term":[{"taxonomy":"product_brand","embeddable":true,"href":"https:\/\/atv-tires.si\/bs\/wp-json\/wp\/v2\/product_brand?post=6579"},{"taxonomy":"product_cat","embeddable":true,"href":"https:\/\/atv-tires.si\/bs\/wp-json\/wp\/v2\/product_cat?post=6579"},{"taxonomy":"product_tag","embeddable":true,"href":"https:\/\/atv-tires.si\/bs\/wp-json\/wp\/v2\/product_tag?post=6579"}],"curies":[{"name":"wp","href":"https:\/\/api.w.org\/{rel}","templated":true}]}}