{"id":6419,"date":"2024-07-09T10:02:33","date_gmt":"2024-07-09T10:02:33","guid":{"rendered":"https:\/\/atv-tires.si\/izdelek\/bulldog-b348-21x7-10\/"},"modified":"2025-09-16T16:08:41","modified_gmt":"2025-09-16T16:08:41","slug":"bulldog-b348-21x7-10","status":"publish","type":"product","link":"https:\/\/atv-tires.si\/bs\/izdelek\/bulldog-b348-21x7-10\/","title":{"rendered":"BULLDOG B348 21X7-10"},"content":{"rendered":"<p>Bulldog B348 \u2013 6-slojna Cross Country guma za sportske kvadove, X-gaze\u0107i sloj s visokim prianjanjem na gotovo svim povr\u0161inama, odli\u010dna svojstva samo\u010di\u0161\u0107enja.<\/p>\n","protected":false},"excerpt":{"rendered":"<p>Bulldog B348 \u2013 6-slojna Cross Country guma za sportske kvadove, X-gaze\u0107i sloj s visokim prianjanjem na gotovo svim povr\u0161inama, odli\u010dna svojstva samo\u010di\u0161\u0107enja.<\/p>\n","protected":false},"featured_media":6420,"comment_status":"open","ping_status":"closed","template":"","meta":[],"product_brand":[297],"product_cat":[606,605],"product_tag":[614,685,619,686],"class_list":{"0":"post-6419","1":"product","2":"type-product","3":"status-publish","4":"has-post-thumbnail","6":"product_brand-bulldog","7":"product_cat-gume-bs","8":"product_cat-gume-za-atv-utv-vozila-bs","9":"product_tag-atv-pnevmatike-bs","10":"product_tag-b348-bs","11":"product_tag-buldog-bs","12":"product_tag-sportski-atv-bs","14":"first","15":"onbackorder","16":"taxable","17":"shipping-taxable","18":"purchasable","19":"product-type-simple"},"_links":{"self":[{"href":"https:\/\/atv-tires.si\/bs\/wp-json\/wp\/v2\/product\/6419","targetHints":{"allow":["GET"]}}],"collection":[{"href":"https:\/\/atv-tires.si\/bs\/wp-json\/wp\/v2\/product"}],"about":[{"href":"https:\/\/atv-tires.si\/bs\/wp-json\/wp\/v2\/types\/product"}],"replies":[{"embeddable":true,"href":"https:\/\/atv-tires.si\/bs\/wp-json\/wp\/v2\/comments?post=6419"}],"wp:featuredmedia":[{"embeddable":true,"href":"https:\/\/atv-tires.si\/bs\/wp-json\/wp\/v2\/media\/6420"}],"wp:attachment":[{"href":"https:\/\/atv-tires.si\/bs\/wp-json\/wp\/v2\/media?parent=6419"}],"wp:term":[{"taxonomy":"product_brand","embeddable":true,"href":"https:\/\/atv-tires.si\/bs\/wp-json\/wp\/v2\/product_brand?post=6419"},{"taxonomy":"product_cat","embeddable":true,"href":"https:\/\/atv-tires.si\/bs\/wp-json\/wp\/v2\/product_cat?post=6419"},{"taxonomy":"product_tag","embeddable":true,"href":"https:\/\/atv-tires.si\/bs\/wp-json\/wp\/v2\/product_tag?post=6419"}],"curies":[{"name":"wp","href":"https:\/\/api.w.org\/{rel}","templated":true}]}}