{"id":6401,"date":"2024-07-07T19:50:28","date_gmt":"2024-07-07T19:50:28","guid":{"rendered":"https:\/\/atv-tires.si\/izdelek\/maxxis-bighorn-m917-m918\/"},"modified":"2025-09-17T09:41:33","modified_gmt":"2025-09-17T09:41:33","slug":"maxxis-bighorn-m917-m918","status":"publish","type":"product","link":"https:\/\/atv-tires.si\/bs\/izdelek\/maxxis-bighorn-m917-m918\/","title":{"rendered":"MAXXIS BIGHORN M917\/M918"},"content":{"rendered":"<p>Maxxis BigHorn \u2013 legendarna ATV\/UTV guma. Radijalna konstrukcija (oja\u010dana na bo\u010dnoj strani) nudi \"glatku\" vo\u017enju na ekstremnom terenu. Preporu\u010duje se za pjeskovite, \u0161umovite i kamenite terene.  <\/p>\n","protected":false},"excerpt":{"rendered":"<p>Maxxis BigHorn \u2013 legendarna ATV\/UTV guma. Radijalna konstrukcija (oja\u010dana na bo\u010dnoj strani) nudi \"glatku\" vo\u017enju na ekstremnom terenu. Preporu\u010duje se za pjeskovite, \u0161umovite i kamenite terene.<\/p>\n","protected":false},"featured_media":6403,"comment_status":"open","ping_status":"closed","template":"","meta":[],"product_brand":[299],"product_cat":[606,605],"product_tag":[614,683,684,618,617,682],"class_list":{"0":"post-6401","1":"product","2":"type-product","3":"status-publish","4":"has-post-thumbnail","6":"product_brand-maxxis","7":"product_cat-gume-bs","8":"product_cat-gume-za-atv-utv-vozila-bs","9":"product_tag-atv-pnevmatike-bs","10":"product_tag-m917-bs","11":"product_tag-m918-bs","12":"product_tag-maxxis-bs","13":"product_tag-utv-pnevmatike-bs","14":"product_tag-veliki-rog-bs","16":"first","17":"instock","18":"taxable","19":"shipping-taxable","20":"purchasable","21":"product-type-variable"},"_links":{"self":[{"href":"https:\/\/atv-tires.si\/bs\/wp-json\/wp\/v2\/product\/6401","targetHints":{"allow":["GET"]}}],"collection":[{"href":"https:\/\/atv-tires.si\/bs\/wp-json\/wp\/v2\/product"}],"about":[{"href":"https:\/\/atv-tires.si\/bs\/wp-json\/wp\/v2\/types\/product"}],"replies":[{"embeddable":true,"href":"https:\/\/atv-tires.si\/bs\/wp-json\/wp\/v2\/comments?post=6401"}],"wp:featuredmedia":[{"embeddable":true,"href":"https:\/\/atv-tires.si\/bs\/wp-json\/wp\/v2\/media\/6403"}],"wp:attachment":[{"href":"https:\/\/atv-tires.si\/bs\/wp-json\/wp\/v2\/media?parent=6401"}],"wp:term":[{"taxonomy":"product_brand","embeddable":true,"href":"https:\/\/atv-tires.si\/bs\/wp-json\/wp\/v2\/product_brand?post=6401"},{"taxonomy":"product_cat","embeddable":true,"href":"https:\/\/atv-tires.si\/bs\/wp-json\/wp\/v2\/product_cat?post=6401"},{"taxonomy":"product_tag","embeddable":true,"href":"https:\/\/atv-tires.si\/bs\/wp-json\/wp\/v2\/product_tag?post=6401"}],"curies":[{"name":"wp","href":"https:\/\/api.w.org\/{rel}","templated":true}]}}