{"id":6374,"date":"2025-07-07T11:07:55","date_gmt":"2025-07-07T11:07:55","guid":{"rendered":"https:\/\/atv-tires.si\/izdelek\/kornelije\/"},"modified":"2025-09-17T09:37:24","modified_gmt":"2025-09-17T09:37:24","slug":"kornelije","status":"publish","type":"product","link":"https:\/\/atv-tires.si\/bs\/izdelek\/kornelije\/","title":{"rendered":"Cornelius"},"content":{"rendered":"<p>OBOR Cornelius guma je svestrana guma dizajnirana za ATV\/UTV i SxS vozila.<\/p>\n<p>\ud83d\udca1 Glavne karakteristike<\/p>\n<p>\u2013 Agresivni uzorak gaze\u0107eg sloja: jaki i duboki blokovi za izuzetno prianjanje u blatnjavim, pjeskovitim, kamenitim i te\u0161kim terenskim uslovima. U osnovi izdr\u017eljiva guma \u2013 sporije tro\u0161enje. <\/p>\n<p>\u2013 Radijalna konstrukcija: nudi ugla\u0111eniju vo\u017enju, brzo ubrzanje i pouzdano ko\u010denje.<\/p>\n<p>\u2013 Bo\u010dne strane oja\u010dane \"Crown\" tehnologijom: dodatna za\u0161tita od probijanja i o\u0161te\u0107enja od bo\u010dnih udara.<\/p>\n<p>\u2013 Guma klase GNCC: Cornelius se dokazao kao pobjednik u GNCC terenskim utrkama.<\/p>\n<p>&nbsp;<\/p>\n","protected":false},"excerpt":{"rendered":"<p>Savr\u0161ena terenska guma za va\u0161 ATV ili SxS; Cornelius ima jedinstveni agresivni uzorak gaze\u0107eg sloja koji prianja uz prljav\u0161tinu, blato i korijenje.<\/p>\n","protected":false},"featured_media":6699,"comment_status":"open","ping_status":"closed","template":"","meta":[],"product_brand":[294],"product_cat":[605],"product_tag":[613],"class_list":{"0":"post-6374","1":"product","2":"type-product","3":"status-publish","4":"has-post-thumbnail","6":"product_brand-obor","7":"product_cat-gume-za-atv-utv-vozila-bs","8":"product_tag-bestseler-bs","10":"first","11":"instock","12":"featured","13":"taxable","14":"shipping-taxable","15":"purchasable","16":"product-type-variable"},"_links":{"self":[{"href":"https:\/\/atv-tires.si\/bs\/wp-json\/wp\/v2\/product\/6374","targetHints":{"allow":["GET"]}}],"collection":[{"href":"https:\/\/atv-tires.si\/bs\/wp-json\/wp\/v2\/product"}],"about":[{"href":"https:\/\/atv-tires.si\/bs\/wp-json\/wp\/v2\/types\/product"}],"replies":[{"embeddable":true,"href":"https:\/\/atv-tires.si\/bs\/wp-json\/wp\/v2\/comments?post=6374"}],"wp:featuredmedia":[{"embeddable":true,"href":"https:\/\/atv-tires.si\/bs\/wp-json\/wp\/v2\/media\/6699"}],"wp:attachment":[{"href":"https:\/\/atv-tires.si\/bs\/wp-json\/wp\/v2\/media?parent=6374"}],"wp:term":[{"taxonomy":"product_brand","embeddable":true,"href":"https:\/\/atv-tires.si\/bs\/wp-json\/wp\/v2\/product_brand?post=6374"},{"taxonomy":"product_cat","embeddable":true,"href":"https:\/\/atv-tires.si\/bs\/wp-json\/wp\/v2\/product_cat?post=6374"},{"taxonomy":"product_tag","embeddable":true,"href":"https:\/\/atv-tires.si\/bs\/wp-json\/wp\/v2\/product_tag?post=6374"}],"curies":[{"name":"wp","href":"https:\/\/api.w.org\/{rel}","templated":true}]}}