{"id":6286,"date":"2024-07-05T10:13:07","date_gmt":"2024-07-05T10:13:07","guid":{"rendered":"https:\/\/atv-tires.si\/izdelek\/cst-dingo\/"},"modified":"2024-07-05T10:13:07","modified_gmt":"2024-07-05T10:13:07","slug":"cst-dingo","status":"publish","type":"product","link":"https:\/\/atv-tires.si\/bs\/izdelek\/cst-dingo\/","title":{"rendered":"CST DINGO"},"content":{"rendered":"<p style=\"font-weight: 400;\">CST DINGO \u2013 UTV SXS guma za sve terene. 8-slojna radijalna konstrukcija pru\u017ea izdr\u017eljivost, udobnost vo\u017enje i samopouzdanje pri velikim brzinama. <\/p>\n","protected":false},"excerpt":{"rendered":"<p>CST DINGO \u2013 UTV SXS guma za sve terene. 8-slojna radijalna konstrukcija pru\u017ea izdr\u017eljivost, udobnost vo\u017enje i samopouzdanje pri velikim brzinama.<\/p>\n","protected":false},"featured_media":6287,"comment_status":"open","ping_status":"closed","template":"","meta":[],"product_brand":[301],"product_cat":[606,605],"product_tag":[613,634,648,651,650,649,617],"class_list":{"0":"post-6286","1":"product","2":"type-product","3":"status-publish","4":"has-post-thumbnail","6":"product_brand-cst","7":"product_cat-gume-bs","8":"product_cat-gume-za-atv-utv-vozila-bs","9":"product_tag-bestseler-bs","10":"product_tag-centralno-standardno-vrijeme-bs","11":"product_tag-dingo-bs","12":"product_tag-mitanje","13":"product_tag-sxs-bs","14":"product_tag-utv-bs","15":"product_tag-utv-pnevmatike-bs","17":"first","18":"instock","19":"taxable","20":"shipping-taxable","21":"purchasable","22":"product-type-variable"},"_links":{"self":[{"href":"https:\/\/atv-tires.si\/bs\/wp-json\/wp\/v2\/product\/6286","targetHints":{"allow":["GET"]}}],"collection":[{"href":"https:\/\/atv-tires.si\/bs\/wp-json\/wp\/v2\/product"}],"about":[{"href":"https:\/\/atv-tires.si\/bs\/wp-json\/wp\/v2\/types\/product"}],"replies":[{"embeddable":true,"href":"https:\/\/atv-tires.si\/bs\/wp-json\/wp\/v2\/comments?post=6286"}],"wp:featuredmedia":[{"embeddable":true,"href":"https:\/\/atv-tires.si\/bs\/wp-json\/wp\/v2\/media\/6287"}],"wp:attachment":[{"href":"https:\/\/atv-tires.si\/bs\/wp-json\/wp\/v2\/media?parent=6286"}],"wp:term":[{"taxonomy":"product_brand","embeddable":true,"href":"https:\/\/atv-tires.si\/bs\/wp-json\/wp\/v2\/product_brand?post=6286"},{"taxonomy":"product_cat","embeddable":true,"href":"https:\/\/atv-tires.si\/bs\/wp-json\/wp\/v2\/product_cat?post=6286"},{"taxonomy":"product_tag","embeddable":true,"href":"https:\/\/atv-tires.si\/bs\/wp-json\/wp\/v2\/product_tag?post=6286"}],"curies":[{"name":"wp","href":"https:\/\/api.w.org\/{rel}","templated":true}]}}