{"id":6257,"date":"2024-07-05T10:03:53","date_gmt":"2024-07-05T10:03:53","guid":{"rendered":"https:\/\/atv-tires.si\/izdelek\/cst-abuzz\/"},"modified":"2025-09-22T11:16:05","modified_gmt":"2025-09-22T11:16:05","slug":"cst-abuzz","status":"publish","type":"product","link":"https:\/\/atv-tires.si\/bs\/izdelek\/cst-abuzz\/","title":{"rendered":"CST ABUZZ"},"content":{"rendered":"<p style=\"font-weight: 400;\">CST ABUZZ \u2013 Jedna od najpopularnijih guma u svijetu ATV\/UTV vozila. Guma je napravljena da se nosi sa svime, od mekog ili tvrdog terena do pjeskovitog\/blatnjavog terena. Lagana konstrukcija sa 6 slojeva nudi voza\u010dima lako upravljanje, brzo ko\u010denje i br\u017ee ubrzanje. Testirali smo gumu sami \u2013 pogledajte slike.   <\/p>\n<p style=\"font-weight: 400;\">Mogu\u0107nost koli\u010dinskog popusta \u2013 kontaktirajte nas.<\/p>\n","protected":false},"excerpt":{"rendered":"<p>CST ABUZZ \u2013 Jedna od najpopularnijih guma u svijetu ATV\/UTV vozila. Guma je napravljena da se nosi sa svime, od mekog ili tvrdog terena do pjeskovitog\/blatnjavog terena. Lagana konstrukcija sa 6 slojeva nudi voza\u010dima lako upravljanje, brzo ko\u010denje i br\u017ee ubrzanje. Testirali smo gumu sami \u2013 pogledajte slike. Mogu\u0107nost koli\u010dinskog popusta \u2013 kontaktirajte nas.<\/p>\n","protected":false},"featured_media":6263,"comment_status":"open","ping_status":"closed","template":"","meta":[],"product_brand":[301],"product_cat":[606,605],"product_tag":[614,644,634,645,642,643,641,640],"class_list":{"0":"post-6257","1":"product","2":"type-product","3":"status-publish","4":"has-post-thumbnail","6":"product_brand-cst","7":"product_cat-gume-bs","8":"product_cat-gume-za-atv-utv-vozila-bs","9":"product_tag-atv-pnevmatike-bs","10":"product_tag-blato-bs","11":"product_tag-centralno-standardno-vrijeme-bs","12":"product_tag-dine-bs","13":"product_tag-meko-pakovanje","14":"product_tag-snijeg-bs","15":"product_tag-tvrdo-pakovanje","16":"product_tag-zujanje-bs","18":"first","19":"instock","20":"sale","21":"featured","22":"taxable","23":"shipping-taxable","24":"purchasable","25":"product-type-variable"},"_links":{"self":[{"href":"https:\/\/atv-tires.si\/bs\/wp-json\/wp\/v2\/product\/6257","targetHints":{"allow":["GET"]}}],"collection":[{"href":"https:\/\/atv-tires.si\/bs\/wp-json\/wp\/v2\/product"}],"about":[{"href":"https:\/\/atv-tires.si\/bs\/wp-json\/wp\/v2\/types\/product"}],"replies":[{"embeddable":true,"href":"https:\/\/atv-tires.si\/bs\/wp-json\/wp\/v2\/comments?post=6257"}],"wp:featuredmedia":[{"embeddable":true,"href":"https:\/\/atv-tires.si\/bs\/wp-json\/wp\/v2\/media\/6263"}],"wp:attachment":[{"href":"https:\/\/atv-tires.si\/bs\/wp-json\/wp\/v2\/media?parent=6257"}],"wp:term":[{"taxonomy":"product_brand","embeddable":true,"href":"https:\/\/atv-tires.si\/bs\/wp-json\/wp\/v2\/product_brand?post=6257"},{"taxonomy":"product_cat","embeddable":true,"href":"https:\/\/atv-tires.si\/bs\/wp-json\/wp\/v2\/product_cat?post=6257"},{"taxonomy":"product_tag","embeddable":true,"href":"https:\/\/atv-tires.si\/bs\/wp-json\/wp\/v2\/product_tag?post=6257"}],"curies":[{"name":"wp","href":"https:\/\/api.w.org\/{rel}","templated":true}]}}