{"id":6256,"date":"2024-07-06T20:58:51","date_gmt":"2024-07-06T20:58:51","guid":{"rendered":"https:\/\/atv-tires.si\/izdelek\/kenda-bounty-hunter-k537\/"},"modified":"2025-09-22T11:26:39","modified_gmt":"2025-09-22T11:26:39","slug":"kenda-bounty-hunter-k537","status":"publish","type":"product","link":"https:\/\/atv-tires.si\/bs\/izdelek\/kenda-bounty-hunter-k537\/","title":{"rendered":"KENDA BOUNTY HUNTER K537"},"content":{"rendered":"<p>Kenda Bounty Hunter K537 \u2013 prvi izbor kod Hunt the Wolf. 8-slojna radijalna guma, vrlo otporna na probijanje. Uglavnom preporu\u010dena guma za mekani teren (\u0161umu) ili za ekstremnu vo\u017enju.   <\/p>\n","protected":false},"excerpt":{"rendered":"<p>Kenda Bounty Hunter K537 \u2013 prvi izbor kod Hunt the Wolf. 8-slojna radijalna guma, vrlo otporna na probijanje. Uglavnom preporu\u010dena guma za mekani teren (\u0161umu) ili za ekstremnu vo\u017enju.<\/p>\n","protected":false},"featured_media":6258,"comment_status":"open","ping_status":"closed","template":"","meta":[],"product_brand":[300],"product_cat":[606,605],"product_tag":[614,639,633,638,740,615],"class_list":{"0":"post-6256","1":"product","2":"type-product","3":"status-publish","4":"has-post-thumbnail","6":"product_brand-kenda","7":"product_cat-gume-bs","8":"product_cat-gume-za-atv-utv-vozila-bs","9":"product_tag-atv-pnevmatike-bs","10":"product_tag-k537-bs","11":"product_tag-kenda-bs","12":"product_tag-lovac-na-glavu-bs","13":"product_tag-napravljeno-za-ekstremne-uspjehe","14":"product_tag-terenske-pnevmatike-bs","16":"first","17":"instock","18":"sale","19":"featured","20":"taxable","21":"shipping-taxable","22":"purchasable","23":"product-type-variable"},"_links":{"self":[{"href":"https:\/\/atv-tires.si\/bs\/wp-json\/wp\/v2\/product\/6256","targetHints":{"allow":["GET"]}}],"collection":[{"href":"https:\/\/atv-tires.si\/bs\/wp-json\/wp\/v2\/product"}],"about":[{"href":"https:\/\/atv-tires.si\/bs\/wp-json\/wp\/v2\/types\/product"}],"replies":[{"embeddable":true,"href":"https:\/\/atv-tires.si\/bs\/wp-json\/wp\/v2\/comments?post=6256"}],"wp:featuredmedia":[{"embeddable":true,"href":"https:\/\/atv-tires.si\/bs\/wp-json\/wp\/v2\/media\/6258"}],"wp:attachment":[{"href":"https:\/\/atv-tires.si\/bs\/wp-json\/wp\/v2\/media?parent=6256"}],"wp:term":[{"taxonomy":"product_brand","embeddable":true,"href":"https:\/\/atv-tires.si\/bs\/wp-json\/wp\/v2\/product_brand?post=6256"},{"taxonomy":"product_cat","embeddable":true,"href":"https:\/\/atv-tires.si\/bs\/wp-json\/wp\/v2\/product_cat?post=6256"},{"taxonomy":"product_tag","embeddable":true,"href":"https:\/\/atv-tires.si\/bs\/wp-json\/wp\/v2\/product_tag?post=6256"}],"curies":[{"name":"wp","href":"https:\/\/api.w.org\/{rel}","templated":true}]}}