{"id":6244,"date":"2024-07-05T10:07:45","date_gmt":"2024-07-05T10:07:45","guid":{"rendered":"https:\/\/atv-tires.si\/izdelek\/cst-stag\/"},"modified":"2026-03-26T07:21:28","modified_gmt":"2026-03-26T07:21:28","slug":"cst-stag","status":"publish","type":"product","link":"https:\/\/atv-tires.si\/bs\/izdelek\/cst-stag\/","title":{"rendered":"CST STAG"},"content":{"rendered":"<p style=\"font-weight: 400;\">CST STAG \u2013 guma koja je dizajnirana \"za sve\". Namijenjena je za tvrde terene, dine, blatnjav i snje\u017eni teren. Ovu gumu \u010desto vi\u0111amo na reli utrkama, DAKAR, HELLAS RALLY&#8230;.  <\/p>\n","protected":false},"excerpt":{"rendered":"<p>CST STAG \u2013 guma koja je dizajnirana \"za sve\". Namijenjena je za tvrde terene, dine, blatnjav i snje\u017eni teren. Ovu gumu \u010desto vi\u0111amo na reli utrkama, DAKAR, HELLAS RALLY&#8230;.<\/p>\n","protected":false},"featured_media":6245,"comment_status":"open","ping_status":"closed","template":"","meta":[],"product_brand":[301],"product_cat":[606,605],"product_tag":[614,634,607,608,636,615],"class_list":{"0":"post-6244","1":"product","2":"type-product","3":"status-publish","4":"has-post-thumbnail","6":"product_brand-cst","7":"product_cat-gume-bs","8":"product_cat-gume-za-atv-utv-vozila-bs","9":"product_tag-atv-pnevmatike-bs","10":"product_tag-centralno-standardno-vrijeme-bs","11":"product_tag-dakar-bs","12":"product_tag-hellas-rally-bs","13":"product_tag-jelena","14":"product_tag-terenske-pnevmatike-bs","16":"first","17":"instock","18":"sale","19":"featured","20":"taxable","21":"shipping-taxable","22":"purchasable","23":"product-type-variable"},"_links":{"self":[{"href":"https:\/\/atv-tires.si\/bs\/wp-json\/wp\/v2\/product\/6244","targetHints":{"allow":["GET"]}}],"collection":[{"href":"https:\/\/atv-tires.si\/bs\/wp-json\/wp\/v2\/product"}],"about":[{"href":"https:\/\/atv-tires.si\/bs\/wp-json\/wp\/v2\/types\/product"}],"replies":[{"embeddable":true,"href":"https:\/\/atv-tires.si\/bs\/wp-json\/wp\/v2\/comments?post=6244"}],"wp:featuredmedia":[{"embeddable":true,"href":"https:\/\/atv-tires.si\/bs\/wp-json\/wp\/v2\/media\/6245"}],"wp:attachment":[{"href":"https:\/\/atv-tires.si\/bs\/wp-json\/wp\/v2\/media?parent=6244"}],"wp:term":[{"taxonomy":"product_brand","embeddable":true,"href":"https:\/\/atv-tires.si\/bs\/wp-json\/wp\/v2\/product_brand?post=6244"},{"taxonomy":"product_cat","embeddable":true,"href":"https:\/\/atv-tires.si\/bs\/wp-json\/wp\/v2\/product_cat?post=6244"},{"taxonomy":"product_tag","embeddable":true,"href":"https:\/\/atv-tires.si\/bs\/wp-json\/wp\/v2\/product_tag?post=6244"}],"curies":[{"name":"wp","href":"https:\/\/api.w.org\/{rel}","templated":true}]}}