{"id":6243,"date":"2024-07-06T21:14:31","date_gmt":"2024-07-06T21:14:31","guid":{"rendered":"https:\/\/atv-tires.si\/izdelek\/kenda-bearclau-k299\/"},"modified":"2025-09-22T11:30:18","modified_gmt":"2025-09-22T11:30:18","slug":"kenda-bearclau-k299","status":"publish","type":"product","link":"https:\/\/atv-tires.si\/bs\/izdelek\/kenda-bearclau-k299\/","title":{"rendered":"KENDA BEARCLAU K299"},"content":{"rendered":"<p>Prva BearClaw guma. Najbolja guma za upotrebu u \u0161irokom rasponu uslova. Ova guma zaista mo\u017ee sve!  <\/p>\n<p>\u0160estoslojna guma s izuzetno jakim ku\u0107i\u0161tem otporna je na probijanje.<\/p>\n<p>&nbsp;<\/p>\n","protected":false},"excerpt":{"rendered":"<p>Prva BearClaw guma. Najbolja guma za upotrebu u \u0161irokom rasponu uslova. Ova guma zaista mo\u017ee sve! \u0160estoslojna guma s izuzetno jakim ku\u0107i\u0161tem otporna je na probijanje. &nbsp;<\/p>\n","protected":false},"featured_media":6246,"comment_status":"open","ping_status":"closed","template":"","meta":[],"product_brand":[300],"product_cat":[606,605],"product_tag":[614,637,633,635,615],"class_list":{"0":"post-6243","1":"product","2":"type-product","3":"status-publish","4":"has-post-thumbnail","6":"product_brand-kenda","7":"product_cat-gume-bs","8":"product_cat-gume-za-atv-utv-vozila-bs","9":"product_tag-atv-pnevmatike-bs","10":"product_tag-k299-bs","11":"product_tag-kenda-bs","12":"product_tag-medvjeda-kandza-bs","13":"product_tag-terenske-pnevmatike-bs","15":"first","16":"instock","17":"sale","18":"featured","19":"taxable","20":"shipping-taxable","21":"purchasable","22":"product-type-variable"},"_links":{"self":[{"href":"https:\/\/atv-tires.si\/bs\/wp-json\/wp\/v2\/product\/6243","targetHints":{"allow":["GET"]}}],"collection":[{"href":"https:\/\/atv-tires.si\/bs\/wp-json\/wp\/v2\/product"}],"about":[{"href":"https:\/\/atv-tires.si\/bs\/wp-json\/wp\/v2\/types\/product"}],"replies":[{"embeddable":true,"href":"https:\/\/atv-tires.si\/bs\/wp-json\/wp\/v2\/comments?post=6243"}],"wp:featuredmedia":[{"embeddable":true,"href":"https:\/\/atv-tires.si\/bs\/wp-json\/wp\/v2\/media\/6246"}],"wp:attachment":[{"href":"https:\/\/atv-tires.si\/bs\/wp-json\/wp\/v2\/media?parent=6243"}],"wp:term":[{"taxonomy":"product_brand","embeddable":true,"href":"https:\/\/atv-tires.si\/bs\/wp-json\/wp\/v2\/product_brand?post=6243"},{"taxonomy":"product_cat","embeddable":true,"href":"https:\/\/atv-tires.si\/bs\/wp-json\/wp\/v2\/product_cat?post=6243"},{"taxonomy":"product_tag","embeddable":true,"href":"https:\/\/atv-tires.si\/bs\/wp-json\/wp\/v2\/product_tag?post=6243"}],"curies":[{"name":"wp","href":"https:\/\/api.w.org\/{rel}","templated":true}]}}