{"id":6200,"date":"2024-07-08T14:33:47","date_gmt":"2024-07-08T14:33:47","guid":{"rendered":"https:\/\/atv-tires.si\/izdelek\/bulldog-b350\/"},"modified":"2025-09-18T12:19:36","modified_gmt":"2025-09-18T12:19:36","slug":"bulldog-b350","status":"publish","type":"product","link":"https:\/\/atv-tires.si\/bs\/izdelek\/bulldog-b350\/","title":{"rendered":"BULLDOG B350"},"content":{"rendered":"<p>Bulldog B350 \u2013 6-slojna guma za sve terene, ATV\/UTV, odli\u010dne sposobnosti samo\u010di\u0161\u0107enja, izuzetno dobra nosivost i pristupa\u010dna cijena.<\/p>\n<p> Homologiran za cestovni promet (E4)<\/p>\n<p style=\"font-weight: 400;\">\n","protected":false},"excerpt":{"rendered":"<p>Bulldog B350 \u2013 6-slojna guma za sve terene, ATV\/UTV, odli\u010dne sposobnosti samo\u010di\u0161\u0107enja, izuzetno dobra nosivost i pristupa\u010dna cijena. Homologiran za cestovni promet (E4)<\/p>\n","protected":false},"featured_media":6724,"comment_status":"open","ping_status":"closed","template":"","meta":[],"product_brand":[297],"product_cat":[606,605],"product_tag":[614,622,613,619,621,615,617],"class_list":{"0":"post-6200","1":"product","2":"type-product","3":"status-publish","4":"has-post-thumbnail","6":"product_brand-bulldog","7":"product_cat-gume-bs","8":"product_cat-gume-za-atv-utv-vozila-bs","9":"product_tag-atv-pnevmatike-bs","10":"product_tag-b350-bs","11":"product_tag-bestseler-bs","12":"product_tag-buldog-bs","13":"product_tag-gume-za-vozila","14":"product_tag-terenske-pnevmatike-bs","15":"product_tag-utv-pnevmatike-bs","17":"first","18":"instock","19":"taxable","20":"shipping-taxable","21":"purchasable","22":"product-type-variable"},"_links":{"self":[{"href":"https:\/\/atv-tires.si\/bs\/wp-json\/wp\/v2\/product\/6200","targetHints":{"allow":["GET"]}}],"collection":[{"href":"https:\/\/atv-tires.si\/bs\/wp-json\/wp\/v2\/product"}],"about":[{"href":"https:\/\/atv-tires.si\/bs\/wp-json\/wp\/v2\/types\/product"}],"replies":[{"embeddable":true,"href":"https:\/\/atv-tires.si\/bs\/wp-json\/wp\/v2\/comments?post=6200"}],"wp:featuredmedia":[{"embeddable":true,"href":"https:\/\/atv-tires.si\/bs\/wp-json\/wp\/v2\/media\/6724"}],"wp:attachment":[{"href":"https:\/\/atv-tires.si\/bs\/wp-json\/wp\/v2\/media?parent=6200"}],"wp:term":[{"taxonomy":"product_brand","embeddable":true,"href":"https:\/\/atv-tires.si\/bs\/wp-json\/wp\/v2\/product_brand?post=6200"},{"taxonomy":"product_cat","embeddable":true,"href":"https:\/\/atv-tires.si\/bs\/wp-json\/wp\/v2\/product_cat?post=6200"},{"taxonomy":"product_tag","embeddable":true,"href":"https:\/\/atv-tires.si\/bs\/wp-json\/wp\/v2\/product_tag?post=6200"}],"curies":[{"name":"wp","href":"https:\/\/api.w.org\/{rel}","templated":true}]}}