{"id":6196,"date":"2024-07-08T08:10:10","date_gmt":"2024-07-08T08:10:10","guid":{"rendered":"https:\/\/atv-tires.si\/izdelek\/bf-goodrich-km3-baja-champion-samo-za-ssv-atv\/"},"modified":"2025-09-17T09:40:50","modified_gmt":"2025-09-17T09:40:50","slug":"bf-goodrich-km3-baja-champion-samo-za-ssv-atv","status":"publish","type":"product","link":"https:\/\/atv-tires.si\/bs\/izdelek\/bf-goodrich-km3-baja-champion-samo-za-ssv-atv\/","title":{"rendered":"BF GOODRICH KM3 BAJA CHAMPION SAMO ZA SSV\/ATV"},"content":{"rendered":"<p>BF GOODRICH km3 baja champion \u2013 vrhunska guma koju koriste mnogi voza\u010di na najte\u017eoj utrci, reliju Dakar. Guma je tako\u0111er nekoliko puta bila Baja Champion. <\/p>\n<p>&nbsp;<\/p>\n<p>&nbsp;<\/p>\n<p>Trenutno testiramo gumu i uskoro \u0107emo objaviti vi\u0161e detalja.<\/p>\n<p>&nbsp;<\/p>\n<p>Druge dimenzije dostupne na zahtjev.<\/p>\n","protected":false},"excerpt":{"rendered":"<p>BF GOODRICH km3 baja champion \u2013 vrhunska guma koju koriste mnogi voza\u010di na najte\u017eoj utrci, reliju Dakar. Guma je tako\u0111er nekoliko puta bila Baja Champion. &nbsp; &nbsp; Trenutno testiramo gumu i uskoro \u0107emo objaviti vi\u0161e detalja. &nbsp; Druge dimenzije dostupne na zahtjev.<\/p>\n","protected":false},"featured_media":6197,"comment_status":"open","ping_status":"closed","template":"","meta":[],"product_brand":[298],"product_cat":[606,605],"product_tag":[612,609,607,608,611,610],"class_list":{"0":"post-6196","1":"product","2":"type-product","3":"status-publish","4":"has-post-thumbnail","6":"product_brand-bf-goodrich","7":"product_cat-gume-bs","8":"product_cat-gume-za-atv-utv-vozila-bs","9":"product_tag-atv-suv-bs","10":"product_tag-bf-goodrich-bs","11":"product_tag-dakar-bs","12":"product_tag-hellas-rally-bs","13":"product_tag-km3-bs","14":"product_tag-za-sve-terene","16":"first","17":"onbackorder","18":"taxable","19":"shipping-taxable","20":"purchasable","21":"product-type-variable"},"_links":{"self":[{"href":"https:\/\/atv-tires.si\/bs\/wp-json\/wp\/v2\/product\/6196","targetHints":{"allow":["GET"]}}],"collection":[{"href":"https:\/\/atv-tires.si\/bs\/wp-json\/wp\/v2\/product"}],"about":[{"href":"https:\/\/atv-tires.si\/bs\/wp-json\/wp\/v2\/types\/product"}],"replies":[{"embeddable":true,"href":"https:\/\/atv-tires.si\/bs\/wp-json\/wp\/v2\/comments?post=6196"}],"wp:featuredmedia":[{"embeddable":true,"href":"https:\/\/atv-tires.si\/bs\/wp-json\/wp\/v2\/media\/6197"}],"wp:attachment":[{"href":"https:\/\/atv-tires.si\/bs\/wp-json\/wp\/v2\/media?parent=6196"}],"wp:term":[{"taxonomy":"product_brand","embeddable":true,"href":"https:\/\/atv-tires.si\/bs\/wp-json\/wp\/v2\/product_brand?post=6196"},{"taxonomy":"product_cat","embeddable":true,"href":"https:\/\/atv-tires.si\/bs\/wp-json\/wp\/v2\/product_cat?post=6196"},{"taxonomy":"product_tag","embeddable":true,"href":"https:\/\/atv-tires.si\/bs\/wp-json\/wp\/v2\/product_tag?post=6196"}],"curies":[{"name":"wp","href":"https:\/\/api.w.org\/{rel}","templated":true}]}}