{"id":6191,"date":"2025-07-07T11:07:55","date_gmt":"2025-07-07T11:07:55","guid":{"rendered":"https:\/\/atv-tires.si\/izdelek\/strugac-kamenja\/"},"modified":"2025-09-17T17:42:37","modified_gmt":"2025-09-17T17:42:37","slug":"strugac-kamenja","status":"publish","type":"product","link":"https:\/\/atv-tires.si\/bs\/izdelek\/strugac-kamenja\/","title":{"rendered":"OBOR RocScraper"},"content":{"rendered":"<h3 data-start=\"421\" data-end=\"445\">\ud83d\udd27 Glavne karakteristike:<\/h3>\n<ul data-start=\"446\" data-end=\"951\">\n<li data-start=\"446\" data-end=\"549\">\n<p data-start=\"448\" data-end=\"549\"><strong data-start=\"448\" data-end=\"482\">8-slojna radijalna konstrukcija<\/strong> \u2013 izuzetna otpornost na probijanje, habanje i mehani\u010dka o\u0161te\u0107enja.<\/p>\n<\/li>\n<li data-start=\"550\" data-end=\"667\">\n<p data-start=\"552\" data-end=\"667\"><strong data-start=\"552\" data-end=\"587\">Agresivni uzorak gaze\u0107eg sloja<\/strong> \u2013 s oja\u010danim ramenim blokovima za odli\u010dno prianjanje na kamenju i tvrdim povr\u0161inama.<\/p>\n<\/li>\n<li data-start=\"668\" data-end=\"745\">\n<p data-start=\"670\" data-end=\"745\"><strong data-start=\"670\" data-end=\"692\">Vi\u0161eslojne bo\u010dne stijenke<\/strong> \u2013 dodatna za\u0161tita i bolja stabilnost pri penjanju.<\/p>\n<\/li>\n<li data-start=\"746\" data-end=\"867\">\n<p data-start=\"748\" data-end=\"867\">Tako\u0111er dostupno u <strong data-start=\"764\" data-end=\"787\">\"ljepljivoj\"<\/strong> verziji za takmi\u010darsku upotrebu \u2013 maksimalno prianjanje u najzahtjevnijim uvjetima.<\/p>\n<\/li>\n<li data-start=\"868\" data-end=\"951\">\n<p data-start=\"870\" data-end=\"951\">Idealno za <strong data-start=\"881\" data-end=\"950\">kamenite staze, suhi pustinjski teren i ekstremnu vo\u017enju van puta<\/strong> .<\/p>\n<\/li>\n<\/ul>\n","protected":false},"excerpt":{"rendered":"<p>RocScraper je visokoperformansna guma za terenska UTV vozila koju je razvio OBOR Tires. Dizajnirana je za ozbiljne voza\u010de terenske vo\u017enje koji voze po kamenitim stazama, pustinjskom terenu i sli\u010dnim ekstremnim okru\u017eenjima. <\/p>\n","protected":false},"featured_media":6192,"comment_status":"open","ping_status":"closed","template":"","meta":[],"product_brand":[294],"product_cat":[605],"product_tag":[730,728,729],"class_list":{"0":"post-6191","1":"product","2":"type-product","3":"status-publish","4":"has-post-thumbnail","6":"product_brand-obor","7":"product_cat-gume-za-atv-utv-vozila-bs","8":"product_tag-atv-utv-bs","9":"product_tag-raspon-bs","10":"product_tag-strugac-kamena-bs","12":"first","13":"instock","14":"taxable","15":"shipping-taxable","16":"purchasable","17":"product-type-simple"},"_links":{"self":[{"href":"https:\/\/atv-tires.si\/bs\/wp-json\/wp\/v2\/product\/6191","targetHints":{"allow":["GET"]}}],"collection":[{"href":"https:\/\/atv-tires.si\/bs\/wp-json\/wp\/v2\/product"}],"about":[{"href":"https:\/\/atv-tires.si\/bs\/wp-json\/wp\/v2\/types\/product"}],"replies":[{"embeddable":true,"href":"https:\/\/atv-tires.si\/bs\/wp-json\/wp\/v2\/comments?post=6191"}],"wp:featuredmedia":[{"embeddable":true,"href":"https:\/\/atv-tires.si\/bs\/wp-json\/wp\/v2\/media\/6192"}],"wp:attachment":[{"href":"https:\/\/atv-tires.si\/bs\/wp-json\/wp\/v2\/media?parent=6191"}],"wp:term":[{"taxonomy":"product_brand","embeddable":true,"href":"https:\/\/atv-tires.si\/bs\/wp-json\/wp\/v2\/product_brand?post=6191"},{"taxonomy":"product_cat","embeddable":true,"href":"https:\/\/atv-tires.si\/bs\/wp-json\/wp\/v2\/product_cat?post=6191"},{"taxonomy":"product_tag","embeddable":true,"href":"https:\/\/atv-tires.si\/bs\/wp-json\/wp\/v2\/product_tag?post=6191"}],"curies":[{"name":"wp","href":"https:\/\/api.w.org\/{rel}","templated":true}]}}